{"id":107637,"date":"2026-02-18T11:20:29","date_gmt":"2026-02-18T09:20:29","guid":{"rendered":"https:\/\/mobecor.ee\/?post_type=product&#038;p=107637"},"modified":"2026-02-18T11:24:46","modified_gmt":"2026-02-18T09:24:46","slug":"seinariiul-fresh-fre-07","status":"publish","type":"product","link":"https:\/\/mobecor.ee\/en\/toode\/seinariiul-fresh-fre-07\/","title":{"rendered":"Seinariiul Fresh 129 FRE-07 (129\/25\/21) v\u00e4rvivalik"},"content":{"rendered":"<p data-start=\"896\" data-end=\"1108\">Valmistatud kvaliteetsest <strong>16 mm laminaatplaadist<\/strong>, mis on vastupidav igap\u00e4evasele kasutusele.<br \/>\nServad on viimistletud <strong>ABS-servakandiga<\/strong>, mis suurendab m\u00f6\u00f6bli l\u00f6\u00f6gikindlust ja kaitseb niiskuse eest.<br \/>\nV\u00e4rvivalik:<br \/>\n* Tamm Cremona;<br \/>\n* Tamm Cremona\/must;<br \/>\n* Tamm Artisan\/must;<br \/>\n* Tamm Endgrain\/must;<br \/>\n* Tamm kuldne\/must;<br \/>\n* Valge\/must.<br \/>\nToodetud: Poolas.<br \/>\nToode tarnitakse detailidena.<\/p>\n","protected":false},"excerpt":{"rendered":"<p>Laius: 129 cm.<br \/>\nS\u00fcgavus: 25 cm.<br \/>\nK\u00f5rgus: 21 cm.<br \/>\nTarneaeg: 4-8 n\u00e4dalat.<\/p>\n","protected":false},"featured_media":107652,"template":"","meta":{"_acf_changed":false,"inline_featured_image":false},"series":[4078],"product_brand":[2927],"product_cat":[93],"product_tag":[],"class_list":{"0":"post-107637","1":"product","2":"type-product","3":"status-publish","4":"has-post-thumbnail","6":"series-fresh","7":"product_brand-meblocross","8":"product_cat-seinariiulid","10":"first","11":"instock","12":"taxable","13":"shipping-taxable","14":"purchasable","15":"product-type-simple"},"acf":[],"_links":{"self":[{"href":"https:\/\/mobecor.ee\/en\/wp-json\/wp\/v2\/product\/107637","targetHints":{"allow":["GET"]}}],"collection":[{"href":"https:\/\/mobecor.ee\/en\/wp-json\/wp\/v2\/product"}],"about":[{"href":"https:\/\/mobecor.ee\/en\/wp-json\/wp\/v2\/types\/product"}],"wp:featuredmedia":[{"embeddable":true,"href":"https:\/\/mobecor.ee\/en\/wp-json\/wp\/v2\/media\/107652"}],"wp:attachment":[{"href":"https:\/\/mobecor.ee\/en\/wp-json\/wp\/v2\/media?parent=107637"}],"wp:term":[{"taxonomy":"series","embeddable":true,"href":"https:\/\/mobecor.ee\/en\/wp-json\/wp\/v2\/series?post=107637"},{"taxonomy":"product_brand","embeddable":true,"href":"https:\/\/mobecor.ee\/en\/wp-json\/wp\/v2\/product_brand?post=107637"},{"taxonomy":"product_cat","embeddable":true,"href":"https:\/\/mobecor.ee\/en\/wp-json\/wp\/v2\/product_cat?post=107637"},{"taxonomy":"product_tag","embeddable":true,"href":"https:\/\/mobecor.ee\/en\/wp-json\/wp\/v2\/product_tag?post=107637"}],"curies":[{"name":"wp","href":"https:\/\/api.w.org\/{rel}","templated":true}]}}