{"id":107698,"date":"2026-02-18T12:05:12","date_gmt":"2026-02-18T10:05:12","guid":{"rendered":"https:\/\/mobecor.ee\/?post_type=product&#038;p=107698"},"modified":"2026-02-18T12:09:31","modified_gmt":"2026-02-18T10:09:31","slug":"tv-alus-fresh-fre-12","status":"publish","type":"product","link":"https:\/\/mobecor.ee\/en\/toode\/tv-alus-fresh-fre-12\/","title":{"rendered":"Tv-alus Fresh 1SP FRE-12 (100\/42\/53) v\u00e4rvivalik"},"content":{"rendered":"<p data-start=\"896\" data-end=\"1108\">Tv-alusel on 1 sahtel ja avatud riiuliosa.<br \/>\nValmistatud kvaliteetsest <strong>16 mm laminaatplaadist<\/strong>, mis on vastupidav igap\u00e4evasele kasutusele.<br \/>\nServad on viimistletud <strong>ABS-servakandiga<\/strong>, mis suurendab m\u00f6\u00f6bli l\u00f6\u00f6gikindlust ja kaitseb niiskuse eest.<br \/>\nKollektsiooni iseloomustavad <strong>12 cm k\u00f5rgused ABS-plastist jalad<\/strong>, mis annavad m\u00f6\u00f6blile kergema ilme ning lihtsustavad p\u00f5randa puhastamist.<br \/>\nKasutusmugavust lisab t\u00e4isv\u00e4ljat\u00f5mbega sahtel ja <strong>vaikse sulgumise mehhanism<\/strong>.<br \/>\nK\u00e4epidemed: plastikust.<br \/>\nV\u00e4rvivalik:<br \/>\n* Tamm Cremona;<br \/>\n* Tamm Cremona\/must;<br \/>\n* Tamm Artisan\/must;<br \/>\n* Tamm Endgrain\/must;<br \/>\n* Tamm kuldne\/must;<br \/>\n* Valge\/must.<br \/>\nToodetud: Poolas.<br \/>\nToode tarnitakse detailidena.<\/p>\n","protected":false},"excerpt":{"rendered":"<p>Laius: 100 cm.<br \/>\nS\u00fcgavus: 42 cm.<br \/>\nK\u00f5rgus: 53 cm.<br \/>\nTarneaeg: 4-8 n\u00e4dalat.<\/p>\n","protected":false},"featured_media":107705,"template":"","meta":{"_acf_changed":false,"inline_featured_image":false},"series":[4078],"product_brand":[2927],"product_cat":[34],"product_tag":[],"class_list":{"0":"post-107698","1":"product","2":"type-product","3":"status-publish","4":"has-post-thumbnail","6":"series-fresh","7":"product_brand-meblocross","8":"product_cat-tv-alused","10":"first","11":"instock","12":"taxable","13":"shipping-taxable","14":"purchasable","15":"product-type-simple"},"acf":[],"_links":{"self":[{"href":"https:\/\/mobecor.ee\/en\/wp-json\/wp\/v2\/product\/107698","targetHints":{"allow":["GET"]}}],"collection":[{"href":"https:\/\/mobecor.ee\/en\/wp-json\/wp\/v2\/product"}],"about":[{"href":"https:\/\/mobecor.ee\/en\/wp-json\/wp\/v2\/types\/product"}],"wp:featuredmedia":[{"embeddable":true,"href":"https:\/\/mobecor.ee\/en\/wp-json\/wp\/v2\/media\/107705"}],"wp:attachment":[{"href":"https:\/\/mobecor.ee\/en\/wp-json\/wp\/v2\/media?parent=107698"}],"wp:term":[{"taxonomy":"series","embeddable":true,"href":"https:\/\/mobecor.ee\/en\/wp-json\/wp\/v2\/series?post=107698"},{"taxonomy":"product_brand","embeddable":true,"href":"https:\/\/mobecor.ee\/en\/wp-json\/wp\/v2\/product_brand?post=107698"},{"taxonomy":"product_cat","embeddable":true,"href":"https:\/\/mobecor.ee\/en\/wp-json\/wp\/v2\/product_cat?post=107698"},{"taxonomy":"product_tag","embeddable":true,"href":"https:\/\/mobecor.ee\/en\/wp-json\/wp\/v2\/product_tag?post=107698"}],"curies":[{"name":"wp","href":"https:\/\/api.w.org\/{rel}","templated":true}]}}