{"id":108036,"date":"2026-02-20T09:33:15","date_gmt":"2026-02-20T07:33:15","guid":{"rendered":"https:\/\/mobecor.ee\/?post_type=product&#038;p=108036"},"modified":"2026-03-18T07:40:41","modified_gmt":"2026-03-18T05:40:41","slug":"riidekapp-domino-4d-kuldne-barokk","status":"publish","type":"product","link":"https:\/\/mobecor.ee\/en\/toode\/riidekapp-domino-4d-kuldne-barokk\/","title":{"rendered":"Riidekapp Domino 4D, kuldne barokk (199,6\/60\/205,7)"},"content":{"rendered":"<p>Riidekapil on 4 ust.<br \/>\n\u00c4\u00e4rmiste uste taga on pesuriiulid, kesmiste uste taga on 1 riiul ja 1 riidepuutoru pikemate riiete riputamiseks.<br \/>\nMaterjal: lamineeritud m\u00f6\u00f6bliplaat, 16 mm.<br \/>\nTagasein: HDF-plaat 3 mm.<br \/>\nV\u00e4rv: kuldne barokk.<br \/>\nK\u00e4epidemed ja jalad: musta v\u00e4rvi m\u00f6\u00f6bliplastikust.<br \/>\nJala k\u00f5rgus: 2,5 cm.<br \/>\nToode tarnitakse detailidena.<br \/>\nToodetud: Poolas.<\/p>\n","protected":false},"excerpt":{"rendered":"<p>Laius: 199,6 cm.<br \/>\nS\u00fcgavus: 60 cm.<br \/>\nK\u00f5rgus: 205,7 cm.<br \/>\nKaal: 167,5 kg.<br \/>\nTarneaeg: 4-8 n\u00e4dalat.<\/p>\n","protected":false},"featured_media":108037,"template":"","meta":{"_acf_changed":false,"inline_featured_image":false},"series":[4094],"product_brand":[2954],"product_cat":[329],"product_tag":[],"class_list":{"0":"post-108036","1":"product","2":"type-product","3":"status-publish","4":"has-post-thumbnail","6":"series-domino-riidekapid","7":"product_brand-gib","8":"product_cat-4-uksega-kapid","10":"first","11":"instock","12":"sale","13":"taxable","14":"shipping-taxable","15":"purchasable","16":"product-type-simple"},"acf":[],"_links":{"self":[{"href":"https:\/\/mobecor.ee\/en\/wp-json\/wp\/v2\/product\/108036","targetHints":{"allow":["GET"]}}],"collection":[{"href":"https:\/\/mobecor.ee\/en\/wp-json\/wp\/v2\/product"}],"about":[{"href":"https:\/\/mobecor.ee\/en\/wp-json\/wp\/v2\/types\/product"}],"wp:featuredmedia":[{"embeddable":true,"href":"https:\/\/mobecor.ee\/en\/wp-json\/wp\/v2\/media\/108037"}],"wp:attachment":[{"href":"https:\/\/mobecor.ee\/en\/wp-json\/wp\/v2\/media?parent=108036"}],"wp:term":[{"taxonomy":"series","embeddable":true,"href":"https:\/\/mobecor.ee\/en\/wp-json\/wp\/v2\/series?post=108036"},{"taxonomy":"product_brand","embeddable":true,"href":"https:\/\/mobecor.ee\/en\/wp-json\/wp\/v2\/product_brand?post=108036"},{"taxonomy":"product_cat","embeddable":true,"href":"https:\/\/mobecor.ee\/en\/wp-json\/wp\/v2\/product_cat?post=108036"},{"taxonomy":"product_tag","embeddable":true,"href":"https:\/\/mobecor.ee\/en\/wp-json\/wp\/v2\/product_tag?post=108036"}],"curies":[{"name":"wp","href":"https:\/\/api.w.org\/{rel}","templated":true}]}}