{"id":108433,"date":"2026-03-02T09:58:13","date_gmt":"2026-03-02T07:58:13","guid":{"rendered":"https:\/\/mobecor.ee\/?post_type=product&#038;p=108433"},"modified":"2026-03-02T10:00:56","modified_gmt":"2026-03-02T08:00:56","slug":"tool-bos-10d","status":"publish","type":"product","link":"https:\/\/mobecor.ee\/en\/toode\/tool-bos-10d\/","title":{"rendered":"Tool Bos 10D"},"content":{"rendered":"<p>&nbsp;<\/p>\n<p>&nbsp;<\/p>\n","protected":false},"excerpt":{"rendered":"<p>Tool on valmistatud\u00a0t\u00e4ispuidust (p\u00f6\u00f6k).<br \/>\nPuidu v\u00e4rvid: p\u00e4hkel; valge; sonoma; grafiit; grandson; must; p\u00e4hkel hele ; ka\u0161miir; artisan.<br \/>\nLaius: 43 cm.<br \/>\nS\u00fcgavus: 40 cm.<br \/>\nK\u00f5rgus: 94 cm.<br \/>\nIstumisk\u00f5rgus: 45 cm.<br \/>\nTarneaeg: 4-8 n\u00e4dalat.<\/p>\n","protected":false},"featured_media":108434,"template":"","meta":{"_acf_changed":false,"inline_featured_image":false},"series":[],"product_brand":[2956],"product_cat":[51],"product_tag":[],"class_list":{"0":"post-108433","1":"product","2":"type-product","3":"status-publish","4":"has-post-thumbnail","6":"product_brand-drewmix","7":"product_cat-toolid","9":"first","10":"instock","11":"taxable","12":"shipping-taxable","13":"purchasable","14":"product-type-simple"},"acf":[],"_links":{"self":[{"href":"https:\/\/mobecor.ee\/en\/wp-json\/wp\/v2\/product\/108433","targetHints":{"allow":["GET"]}}],"collection":[{"href":"https:\/\/mobecor.ee\/en\/wp-json\/wp\/v2\/product"}],"about":[{"href":"https:\/\/mobecor.ee\/en\/wp-json\/wp\/v2\/types\/product"}],"wp:featuredmedia":[{"embeddable":true,"href":"https:\/\/mobecor.ee\/en\/wp-json\/wp\/v2\/media\/108434"}],"wp:attachment":[{"href":"https:\/\/mobecor.ee\/en\/wp-json\/wp\/v2\/media?parent=108433"}],"wp:term":[{"taxonomy":"series","embeddable":true,"href":"https:\/\/mobecor.ee\/en\/wp-json\/wp\/v2\/series?post=108433"},{"taxonomy":"product_brand","embeddable":true,"href":"https:\/\/mobecor.ee\/en\/wp-json\/wp\/v2\/product_brand?post=108433"},{"taxonomy":"product_cat","embeddable":true,"href":"https:\/\/mobecor.ee\/en\/wp-json\/wp\/v2\/product_cat?post=108433"},{"taxonomy":"product_tag","embeddable":true,"href":"https:\/\/mobecor.ee\/en\/wp-json\/wp\/v2\/product_tag?post=108433"}],"curies":[{"name":"wp","href":"https:\/\/api.w.org\/{rel}","templated":true}]}}