{"id":108571,"date":"2026-03-05T14:33:52","date_gmt":"2026-03-05T12:33:52","guid":{"rendered":"https:\/\/mobecor.ee\/?post_type=product&#038;p=108571"},"modified":"2026-03-05T14:35:14","modified_gmt":"2026-03-05T12:35:14","slug":"diivanilaua-komplekt-amaro-tamm","status":"publish","type":"product","link":"https:\/\/mobecor.ee\/en\/toode\/diivanilaua-komplekt-amaro-tamm\/","title":{"rendered":"Diivanilaua komplekt Amaro (\u00f8 53 ja \u00f8 43) tamm"},"content":{"rendered":"<p>Komplekti kuulub 2 diivanilauda.<br \/>\nLauaplaadi materjal: spoonitud MDF.<br \/>\nLauaplaadi v\u00e4rv: tamm.<br \/>\nJalad: musta v\u00e4rvi metallist.<br \/>\nToodetud: Poolas.<br \/>\nToode tarnitakse detailidena.<\/p>\n<p>&nbsp;<\/p>\n","protected":false},"excerpt":{"rendered":"<p>Suurema lauaplaadi l\u00e4bim\u00f5\u00f5t:\u00a053 cm.<br \/>\nK\u00f5rgus: 45 cm.<br \/>\nV\u00e4iksema\u00a0lauaplaadi\u00a0l\u00e4bim\u00f5\u00f5t:\u00a043 cm.<br \/>\nK\u00f5rgus:\u00a035 cm.<br \/>\nTarneaeg: 4-8 n\u00e4dalat.<\/p>\n","protected":false},"featured_media":108572,"template":"","meta":{"_acf_changed":false,"inline_featured_image":false},"series":[],"product_brand":[3520],"product_cat":[37],"product_tag":[],"class_list":{"0":"post-108571","1":"product","2":"type-product","3":"status-publish","4":"has-post-thumbnail","6":"product_brand-signal","7":"product_cat-diivanilauad","9":"first","10":"instock","11":"taxable","12":"shipping-taxable","13":"purchasable","14":"product-type-simple"},"acf":[],"_links":{"self":[{"href":"https:\/\/mobecor.ee\/en\/wp-json\/wp\/v2\/product\/108571","targetHints":{"allow":["GET"]}}],"collection":[{"href":"https:\/\/mobecor.ee\/en\/wp-json\/wp\/v2\/product"}],"about":[{"href":"https:\/\/mobecor.ee\/en\/wp-json\/wp\/v2\/types\/product"}],"wp:featuredmedia":[{"embeddable":true,"href":"https:\/\/mobecor.ee\/en\/wp-json\/wp\/v2\/media\/108572"}],"wp:attachment":[{"href":"https:\/\/mobecor.ee\/en\/wp-json\/wp\/v2\/media?parent=108571"}],"wp:term":[{"taxonomy":"series","embeddable":true,"href":"https:\/\/mobecor.ee\/en\/wp-json\/wp\/v2\/series?post=108571"},{"taxonomy":"product_brand","embeddable":true,"href":"https:\/\/mobecor.ee\/en\/wp-json\/wp\/v2\/product_brand?post=108571"},{"taxonomy":"product_cat","embeddable":true,"href":"https:\/\/mobecor.ee\/en\/wp-json\/wp\/v2\/product_cat?post=108571"},{"taxonomy":"product_tag","embeddable":true,"href":"https:\/\/mobecor.ee\/en\/wp-json\/wp\/v2\/product_tag?post=108571"}],"curies":[{"name":"wp","href":"https:\/\/api.w.org\/{rel}","templated":true}]}}