{"id":108637,"date":"2026-03-09T14:04:48","date_gmt":"2026-03-09T12:04:48","guid":{"rendered":"https:\/\/mobecor.ee\/?post_type=product&#038;p=108637"},"modified":"2026-03-09T14:16:16","modified_gmt":"2026-03-09T12:16:16","slug":"riidekapp-bregi-sz200-kasmiir","status":"publish","type":"product","link":"https:\/\/mobecor.ee\/en\/toode\/riidekapp-bregi-sz200-kasmiir\/","title":{"rendered":"Riidekapp Bregi SZ200, ka\u0161miir (200\/60\/215)"},"content":{"rendered":"<p>Riidekapil on 2 l\u00fckandust. \u00dcks uks on peegliga.<br \/>\nUste taga on \u00fchel pool pesuriiulid ja teisel pool 1 riiul ning 1 riidepuutoru riiete riputamiseks.<br \/>\nMaterjal: lamineeritud m\u00f6\u00f6bliplaat, 16 mm.<br \/>\nTagasein: HDF-plaat 3 mm.<br \/>\nV\u00e4rv: ka\u0161miir.<br \/>\nK\u00e4epidemed: musta v\u00e4rvi m\u00f6\u00f6bliplastikust.<br \/>\nToode tarnitakse detailidena.<br \/>\nToodetud: Poolas.<\/p>\n","protected":false},"excerpt":{"rendered":"<p>Laius: 200 cm.<br \/>\nS\u00fcgavus: 60 cm.<br \/>\nK\u00f5rgus: 215 cm.<br \/>\nKaal: 178 kg.<br \/>\nTarneaeg: 4-8 n\u00e4dalat.<\/p>\n","protected":false},"featured_media":108638,"template":"","meta":{"_acf_changed":false,"inline_featured_image":false},"series":[],"product_brand":[2954],"product_cat":[325],"product_tag":[],"class_list":{"0":"post-108637","1":"product","2":"type-product","3":"status-publish","4":"has-post-thumbnail","6":"product_brand-gib","7":"product_cat-lukandustega-kapid","9":"first","10":"instock","11":"taxable","12":"shipping-taxable","13":"purchasable","14":"product-type-simple"},"acf":[],"_links":{"self":[{"href":"https:\/\/mobecor.ee\/en\/wp-json\/wp\/v2\/product\/108637","targetHints":{"allow":["GET"]}}],"collection":[{"href":"https:\/\/mobecor.ee\/en\/wp-json\/wp\/v2\/product"}],"about":[{"href":"https:\/\/mobecor.ee\/en\/wp-json\/wp\/v2\/types\/product"}],"wp:featuredmedia":[{"embeddable":true,"href":"https:\/\/mobecor.ee\/en\/wp-json\/wp\/v2\/media\/108638"}],"wp:attachment":[{"href":"https:\/\/mobecor.ee\/en\/wp-json\/wp\/v2\/media?parent=108637"}],"wp:term":[{"taxonomy":"series","embeddable":true,"href":"https:\/\/mobecor.ee\/en\/wp-json\/wp\/v2\/series?post=108637"},{"taxonomy":"product_brand","embeddable":true,"href":"https:\/\/mobecor.ee\/en\/wp-json\/wp\/v2\/product_brand?post=108637"},{"taxonomy":"product_cat","embeddable":true,"href":"https:\/\/mobecor.ee\/en\/wp-json\/wp\/v2\/product_cat?post=108637"},{"taxonomy":"product_tag","embeddable":true,"href":"https:\/\/mobecor.ee\/en\/wp-json\/wp\/v2\/product_tag?post=108637"}],"curies":[{"name":"wp","href":"https:\/\/api.w.org\/{rel}","templated":true}]}}