{"id":108704,"date":"2026-03-09T16:09:48","date_gmt":"2026-03-09T14:09:48","guid":{"rendered":"https:\/\/mobecor.ee\/?post_type=product&#038;p=108704"},"modified":"2026-03-09T16:43:00","modified_gmt":"2026-03-09T14:43:00","slug":"pikendatav-soogilaud-dax","status":"publish","type":"product","link":"https:\/\/mobecor.ee\/en\/toode\/pikendatav-soogilaud-dax\/","title":{"rendered":"Pikendatav s\u00f6\u00f6gilaud Dax (90-140-190\/90\/76,2) 7 v\u00e4rvi"},"content":{"rendered":"<p>Pikendatav s\u00f6\u00f6gilaud.<br \/>\nLaual on pikendamiseks kuullaagritega liugurid.<br \/>\n2 x 50 cm pikkust vahet\u00fckki (saab kasutada \u00fche v\u00f5i m\u00f5lemaga).<br \/>\nLauaplaat: 32 mm puitlaastplaat.<br \/>\nServad: ABS kantviimistlusega.<br \/>\nMustad metalljalad (k\u00f5rgus 73 cm).<br \/>\nV\u00e4rvivalik:<br \/>\n* Marmor San Sebastian;<br \/>\n* Marmor valge;<br \/>\n* Bee\u017e;<br \/>\n* P\u00e4hkel;<br \/>\n* Valge matt;<br \/>\n* Must matt;<br \/>\n* Tamm Artisan.<br \/>\nToodetud: Poolas.<br \/>\n<span style=\"font-size: 10pt;\"><br \/>\n<\/span><\/p>\n","protected":false},"excerpt":{"rendered":"<p>Laius: 90 cm<br \/>\nS\u00fcgavus: 90 cm<br \/>\nK\u00f5rgus: 76,2 cm<br \/>\nPikendatuna: 90 x 140 cm v\u00f5i 90 x 190 cm<br \/>\nTarneaeg: 4-8 n\u00e4dalat.<\/p>\n","protected":false},"featured_media":108707,"template":"","meta":{"_acf_changed":false,"inline_featured_image":false},"series":[],"product_brand":[2954],"product_cat":[219],"product_tag":[],"class_list":{"0":"post-108704","1":"product","2":"type-product","3":"status-publish","4":"has-post-thumbnail","6":"product_brand-gib","7":"product_cat-soogilauad","9":"first","10":"instock","11":"taxable","12":"shipping-taxable","13":"purchasable","14":"product-type-simple"},"acf":[],"_links":{"self":[{"href":"https:\/\/mobecor.ee\/en\/wp-json\/wp\/v2\/product\/108704","targetHints":{"allow":["GET"]}}],"collection":[{"href":"https:\/\/mobecor.ee\/en\/wp-json\/wp\/v2\/product"}],"about":[{"href":"https:\/\/mobecor.ee\/en\/wp-json\/wp\/v2\/types\/product"}],"wp:featuredmedia":[{"embeddable":true,"href":"https:\/\/mobecor.ee\/en\/wp-json\/wp\/v2\/media\/108707"}],"wp:attachment":[{"href":"https:\/\/mobecor.ee\/en\/wp-json\/wp\/v2\/media?parent=108704"}],"wp:term":[{"taxonomy":"series","embeddable":true,"href":"https:\/\/mobecor.ee\/en\/wp-json\/wp\/v2\/series?post=108704"},{"taxonomy":"product_brand","embeddable":true,"href":"https:\/\/mobecor.ee\/en\/wp-json\/wp\/v2\/product_brand?post=108704"},{"taxonomy":"product_cat","embeddable":true,"href":"https:\/\/mobecor.ee\/en\/wp-json\/wp\/v2\/product_cat?post=108704"},{"taxonomy":"product_tag","embeddable":true,"href":"https:\/\/mobecor.ee\/en\/wp-json\/wp\/v2\/product_tag?post=108704"}],"curies":[{"name":"wp","href":"https:\/\/api.w.org\/{rel}","templated":true}]}}