{"id":109078,"date":"2026-03-16T07:51:07","date_gmt":"2026-03-16T05:51:07","guid":{"rendered":"https:\/\/mobecor.ee\/?post_type=product&#038;p=109078"},"modified":"2026-03-16T08:24:35","modified_gmt":"2026-03-16T06:24:35","slug":"kirjutuslaud-peeglilaud-marly-15","status":"publish","type":"product","link":"https:\/\/mobecor.ee\/en\/toode\/kirjutuslaud-peeglilaud-marly-15\/","title":{"rendered":"Kirjutuslaud\/peeglilaud Marly 15 (130\/40\/82)"},"content":{"rendered":"<p>Marly kirjutuslaud on elegantne ja praktiline laud, mida saab kasutada ka peeglilaua v\u00f5i konsoollauana. T\u00e4nu oma kitsale 40 cm s\u00fcgavusele sobib laud h\u00e4sti ka v\u00e4iksematesse ruumidesse, nagu magamistuba, esik v\u00f5i elutuba.<br \/>\nLaual on 3 sahtlit.<br \/>\nEsipaneelide k\u00fcljed on pehmelt kumerad.<br \/>\nEsipinnad: 18 mm MDF plaat.<br \/>\nKorpus: 16 mm lamineeritud m\u00f6\u00f6bliplaat.<br \/>\nServad: PVC.<br \/>\nTagasein: HDF plaat.<br \/>\nSahtlid on vaikselt sulguvad.<br \/>\nK\u00e4epidemed: metallist.<br \/>\nJalad: metallist, 18 cm.<br \/>\nV\u00e4rvivalik:<br \/>\n* Ka\u0161miir\/p\u00e4hkel.<br \/>\n* Ka\u0161miir\/kivihall.<br \/>\nToodetud: Poolas.<br \/>\nToode tarnitakse detailidena.<\/p>\n","protected":false},"excerpt":{"rendered":"<p>Laius: 130 cm.<br \/>\nS\u00fcgavus: 40 cm.<br \/>\nK\u00f5rgus: 82 cm.<br \/>\nTarneaeg: 4-8 n\u00e4dalat.<\/p>\n","protected":false},"featured_media":109079,"template":"","meta":{"_acf_changed":false,"inline_featured_image":false},"series":[4087],"product_brand":[2979],"product_cat":[286],"product_tag":[],"class_list":{"0":"post-109078","1":"product","2":"type-product","3":"status-publish","4":"has-post-thumbnail","6":"series-marly","7":"product_brand-jurek","8":"product_cat-peeglilauad","10":"first","11":"instock","12":"taxable","13":"shipping-taxable","14":"purchasable","15":"product-type-simple"},"acf":[],"_links":{"self":[{"href":"https:\/\/mobecor.ee\/en\/wp-json\/wp\/v2\/product\/109078","targetHints":{"allow":["GET"]}}],"collection":[{"href":"https:\/\/mobecor.ee\/en\/wp-json\/wp\/v2\/product"}],"about":[{"href":"https:\/\/mobecor.ee\/en\/wp-json\/wp\/v2\/types\/product"}],"wp:featuredmedia":[{"embeddable":true,"href":"https:\/\/mobecor.ee\/en\/wp-json\/wp\/v2\/media\/109079"}],"wp:attachment":[{"href":"https:\/\/mobecor.ee\/en\/wp-json\/wp\/v2\/media?parent=109078"}],"wp:term":[{"taxonomy":"series","embeddable":true,"href":"https:\/\/mobecor.ee\/en\/wp-json\/wp\/v2\/series?post=109078"},{"taxonomy":"product_brand","embeddable":true,"href":"https:\/\/mobecor.ee\/en\/wp-json\/wp\/v2\/product_brand?post=109078"},{"taxonomy":"product_cat","embeddable":true,"href":"https:\/\/mobecor.ee\/en\/wp-json\/wp\/v2\/product_cat?post=109078"},{"taxonomy":"product_tag","embeddable":true,"href":"https:\/\/mobecor.ee\/en\/wp-json\/wp\/v2\/product_tag?post=109078"}],"curies":[{"name":"wp","href":"https:\/\/api.w.org\/{rel}","templated":true}]}}