{"id":109641,"date":"2026-03-26T15:22:03","date_gmt":"2026-03-26T13:22:03","guid":{"rendered":"https:\/\/mobecor.ee\/?post_type=product&#038;p=109641"},"modified":"2026-03-26T15:33:16","modified_gmt":"2026-03-26T13:33:16","slug":"klapplaud-expert-10-tartus","status":"publish","type":"product","link":"https:\/\/mobecor.ee\/en\/toode\/klapplaud-expert-10-tartus\/","title":{"rendered":"Klapplaud Expert 10 (40-100-160\/80\/75)\/Tartu poes"},"content":{"rendered":"<p>Expert 10 on kahe tiivaga pikendatav k\u00f6\u00f6gilaud, mis on lisaks varustatud 2- sahtli ja 2-kapiga.<br \/>\nLauda saab pikendada kahes osas. Pool avatuna mahub laua taha 3 inimest, tervenisti avatuna magub 6 inimes.<br \/>\nMaterjal: lamineeritud m\u00f6\u00f6bliplaat.<br \/>\nV\u00e4rvivalik: tamm valge; tamm Sonoma hele.<br \/>\nToode tarnitakse detailidena.<br \/>\nToodetud: Poolas.<\/p>\n","protected":false},"excerpt":{"rendered":"<p>Laius: 40\/100\/160 cm.<br \/>\nS\u00fcgavus: 80 cm.<br \/>\nK\u00f5rgus: 75 cm.<br \/>\n<strong>Tarneaeg: kohe olemas Mobecori Tartu poes, Teguri tn.39.<br \/>\n<\/strong>K\u00f5iki tellitavaid v\u00e4rve n\u00e4eb <a href=\"https:\/\/mobecor.ee\/toode\/klapplaud-expert-x\/\" target=\"_blank\" rel=\"noopener\">SIIT<\/a>:<\/p>\n","protected":false},"featured_media":109642,"template":"","meta":{"_acf_changed":false,"inline_featured_image":false},"series":[],"product_brand":[2927],"product_cat":[219],"product_tag":[],"class_list":{"0":"post-109641","1":"product","2":"type-product","3":"status-publish","4":"has-post-thumbnail","6":"product_brand-meblocross","7":"product_cat-soogilauad","9":"first","10":"instock","11":"sale","12":"taxable","13":"shipping-taxable","14":"purchasable","15":"product-type-simple"},"acf":[],"_links":{"self":[{"href":"https:\/\/mobecor.ee\/en\/wp-json\/wp\/v2\/product\/109641","targetHints":{"allow":["GET"]}}],"collection":[{"href":"https:\/\/mobecor.ee\/en\/wp-json\/wp\/v2\/product"}],"about":[{"href":"https:\/\/mobecor.ee\/en\/wp-json\/wp\/v2\/types\/product"}],"wp:featuredmedia":[{"embeddable":true,"href":"https:\/\/mobecor.ee\/en\/wp-json\/wp\/v2\/media\/109642"}],"wp:attachment":[{"href":"https:\/\/mobecor.ee\/en\/wp-json\/wp\/v2\/media?parent=109641"}],"wp:term":[{"taxonomy":"series","embeddable":true,"href":"https:\/\/mobecor.ee\/en\/wp-json\/wp\/v2\/series?post=109641"},{"taxonomy":"product_brand","embeddable":true,"href":"https:\/\/mobecor.ee\/en\/wp-json\/wp\/v2\/product_brand?post=109641"},{"taxonomy":"product_cat","embeddable":true,"href":"https:\/\/mobecor.ee\/en\/wp-json\/wp\/v2\/product_cat?post=109641"},{"taxonomy":"product_tag","embeddable":true,"href":"https:\/\/mobecor.ee\/en\/wp-json\/wp\/v2\/product_tag?post=109641"}],"curies":[{"name":"wp","href":"https:\/\/api.w.org\/{rel}","templated":true}]}}