{"id":109789,"date":"2026-03-27T12:52:18","date_gmt":"2026-03-27T10:52:18","guid":{"rendered":"https:\/\/mobecor.ee\/?post_type=product&#038;p=109789"},"modified":"2026-03-27T12:53:38","modified_gmt":"2026-03-27T10:53:38","slug":"soogilaud-veneto-valge","status":"publish","type":"product","link":"https:\/\/mobecor.ee\/en\/toode\/soogilaud-veneto-valge\/","title":{"rendered":"S\u00f6\u00f6gilaud Veneto, valge (\u2300 90)"},"content":{"rendered":"","protected":false},"excerpt":{"rendered":"<p>Lauaplaadi materjal:\u00a0 MDF, valge.<br \/>\nLauajalad t\u00e4ispuidust, v\u00e4rv: naturaalne.<br \/>\nSobib komplekti <a href=\"https:\/\/mobecor.ee\/toode\/komplekt-veneto-valge-15914\/\" target=\"_blank\" rel=\"noopener\">toolidega Veneto<\/a>.<br \/>\nLauaplaadi l\u00e4bim\u00f5\u00f5t: 90 cm.<br \/>\nLaua k\u00f5rgus: 74 cm.<br \/>\nTarneaeg: kuni 4 n\u00e4dalat.<\/p>\n","protected":false},"featured_media":109790,"template":"","meta":{"_acf_changed":false,"inline_featured_image":false},"series":[],"product_brand":[2913],"product_cat":[219],"product_tag":[],"class_list":{"0":"post-109789","1":"product","2":"type-product","3":"status-publish","4":"has-post-thumbnail","6":"product_brand-grafio","7":"product_cat-soogilauad","9":"first","10":"instock","11":"sale","12":"taxable","13":"shipping-taxable","14":"purchasable","15":"product-type-simple"},"acf":[],"_links":{"self":[{"href":"https:\/\/mobecor.ee\/en\/wp-json\/wp\/v2\/product\/109789","targetHints":{"allow":["GET"]}}],"collection":[{"href":"https:\/\/mobecor.ee\/en\/wp-json\/wp\/v2\/product"}],"about":[{"href":"https:\/\/mobecor.ee\/en\/wp-json\/wp\/v2\/types\/product"}],"wp:featuredmedia":[{"embeddable":true,"href":"https:\/\/mobecor.ee\/en\/wp-json\/wp\/v2\/media\/109790"}],"wp:attachment":[{"href":"https:\/\/mobecor.ee\/en\/wp-json\/wp\/v2\/media?parent=109789"}],"wp:term":[{"taxonomy":"series","embeddable":true,"href":"https:\/\/mobecor.ee\/en\/wp-json\/wp\/v2\/series?post=109789"},{"taxonomy":"product_brand","embeddable":true,"href":"https:\/\/mobecor.ee\/en\/wp-json\/wp\/v2\/product_brand?post=109789"},{"taxonomy":"product_cat","embeddable":true,"href":"https:\/\/mobecor.ee\/en\/wp-json\/wp\/v2\/product_cat?post=109789"},{"taxonomy":"product_tag","embeddable":true,"href":"https:\/\/mobecor.ee\/en\/wp-json\/wp\/v2\/product_tag?post=109789"}],"curies":[{"name":"wp","href":"https:\/\/api.w.org\/{rel}","templated":true}]}}