{"id":109831,"date":"2026-03-30T08:20:38","date_gmt":"2026-03-30T05:20:38","guid":{"rendered":"https:\/\/mobecor.ee\/?post_type=product&#038;p=109831"},"modified":"2026-04-09T09:53:19","modified_gmt":"2026-04-09T06:53:19","slug":"diivanilaud-embosa-tartus","status":"publish","type":"product","link":"https:\/\/mobecor.ee\/en\/toode\/diivanilaud-embosa-tartus\/","title":{"rendered":"Diivanilaud Embosa (120\/60\/47)\/Tartu poes"},"content":{"rendered":"<p>V\u00e4rv: must\/kuldne.<br \/>\nMaterjal: lauaplaat on valmistatud MDF-ist.<br \/>\nlauajalad: musta v\u00e4rvi, kuldse \u00e4\u00e4risega metallist.<br \/>\nToodetud: Poolas.<br \/>\nLaius: 120 cm.<br \/>\nS\u00fcgavus: 60 cm.<br \/>\nK\u00f5rgus: 47 cm.<br \/>\n<strong>Tarneaeg: kohe olemas Tartu poes kokku monteerituna.<\/strong><\/p>\n","protected":false},"excerpt":{"rendered":"<p>V\u00e4rv: must\/kuldne. Materjal: lauaplaat on valmistatud MDF-ist. lauajalad: musta v\u00e4rvi, kuldse \u00e4\u00e4risega metallist. Toodetud: Poolas. Laius: 120 cm. S\u00fcgavus: 60&#8230;<\/p>\n","protected":false},"featured_media":109832,"template":"","meta":{"_acf_changed":false,"inline_featured_image":false},"series":[],"product_brand":[],"product_cat":[4020],"product_tag":[],"class_list":{"0":"post-109831","1":"product","2":"type-product","3":"status-publish","4":"has-post-thumbnail","6":"product_cat-kohe-olemas-tartu-poes","8":"first","9":"instock","10":"sale","11":"taxable","12":"shipping-taxable","13":"purchasable","14":"product-type-simple"},"acf":[],"_links":{"self":[{"href":"https:\/\/mobecor.ee\/en\/wp-json\/wp\/v2\/product\/109831","targetHints":{"allow":["GET"]}}],"collection":[{"href":"https:\/\/mobecor.ee\/en\/wp-json\/wp\/v2\/product"}],"about":[{"href":"https:\/\/mobecor.ee\/en\/wp-json\/wp\/v2\/types\/product"}],"wp:featuredmedia":[{"embeddable":true,"href":"https:\/\/mobecor.ee\/en\/wp-json\/wp\/v2\/media\/109832"}],"wp:attachment":[{"href":"https:\/\/mobecor.ee\/en\/wp-json\/wp\/v2\/media?parent=109831"}],"wp:term":[{"taxonomy":"series","embeddable":true,"href":"https:\/\/mobecor.ee\/en\/wp-json\/wp\/v2\/series?post=109831"},{"taxonomy":"product_brand","embeddable":true,"href":"https:\/\/mobecor.ee\/en\/wp-json\/wp\/v2\/product_brand?post=109831"},{"taxonomy":"product_cat","embeddable":true,"href":"https:\/\/mobecor.ee\/en\/wp-json\/wp\/v2\/product_cat?post=109831"},{"taxonomy":"product_tag","embeddable":true,"href":"https:\/\/mobecor.ee\/en\/wp-json\/wp\/v2\/product_tag?post=109831"}],"curies":[{"name":"wp","href":"https:\/\/api.w.org\/{rel}","templated":true}]}}