{"id":109842,"date":"2026-03-30T09:04:49","date_gmt":"2026-03-30T06:04:49","guid":{"rendered":"https:\/\/mobecor.ee\/?post_type=product&#038;p=109842"},"modified":"2026-03-30T09:07:19","modified_gmt":"2026-03-30T06:07:19","slug":"tv-alus-pula-pl-07-rtv2d-tartus","status":"publish","type":"product","link":"https:\/\/mobecor.ee\/en\/toode\/tv-alus-pula-pl-07-rtv2d-tartus\/","title":{"rendered":"Tv-alus Pula PL-07 RTV2D, tuhkjas must (150\/41\/50)\/Tartu poes"},"content":{"rendered":"<p>Tv-alusel on 2 klapiga ust, mis avanevad alla.<br \/>\nEsipinnad: kvaliteetne ja vastupidav m\u00f6\u00f6bliplaat 16 mm.<br \/>\nKorpus:\u00a0kvaliteetne ja vastupidav m\u00f6\u00f6bliplaat 16 mm.<br \/>\nV\u00e4rv: tuhkjas must.<br \/>\nTagasein: HDF 3 mm.<br \/>\nServad: ABS.<br \/>\nK\u00e4epidemed: metallist, v\u00e4rvus &#8211; kuldne bee\u017e.<br \/>\nJalad: metallist, v\u00e4rvus &#8211; kuldne bee\u017e.<br \/>\nToode tarnitakse detailidena.<br \/>\nToodetud: Poolas.<\/p>\n","protected":false},"excerpt":{"rendered":"<p>Laius: 150 cm.<br \/>\nS\u00fcgavus: 41 cm.<br \/>\nK\u00f5rgus: 50 cm.<br \/>\nKaal:\u00a030,5 kg.<br \/>\n<strong>Tarneaeg: kohe olemas Tartu poes kokku monteerituna.<\/strong><\/p>\n","protected":false},"featured_media":109843,"template":"","meta":{"_acf_changed":false,"inline_featured_image":false},"series":[],"product_brand":[2954],"product_cat":[34,4020],"product_tag":[],"class_list":{"0":"post-109842","1":"product","2":"type-product","3":"status-publish","4":"has-post-thumbnail","6":"product_brand-gib","7":"product_cat-tv-alused","8":"product_cat-kohe-olemas-tartu-poes","10":"first","11":"instock","12":"sale","13":"taxable","14":"shipping-taxable","15":"purchasable","16":"product-type-simple"},"acf":[],"_links":{"self":[{"href":"https:\/\/mobecor.ee\/en\/wp-json\/wp\/v2\/product\/109842","targetHints":{"allow":["GET"]}}],"collection":[{"href":"https:\/\/mobecor.ee\/en\/wp-json\/wp\/v2\/product"}],"about":[{"href":"https:\/\/mobecor.ee\/en\/wp-json\/wp\/v2\/types\/product"}],"wp:featuredmedia":[{"embeddable":true,"href":"https:\/\/mobecor.ee\/en\/wp-json\/wp\/v2\/media\/109843"}],"wp:attachment":[{"href":"https:\/\/mobecor.ee\/en\/wp-json\/wp\/v2\/media?parent=109842"}],"wp:term":[{"taxonomy":"series","embeddable":true,"href":"https:\/\/mobecor.ee\/en\/wp-json\/wp\/v2\/series?post=109842"},{"taxonomy":"product_brand","embeddable":true,"href":"https:\/\/mobecor.ee\/en\/wp-json\/wp\/v2\/product_brand?post=109842"},{"taxonomy":"product_cat","embeddable":true,"href":"https:\/\/mobecor.ee\/en\/wp-json\/wp\/v2\/product_cat?post=109842"},{"taxonomy":"product_tag","embeddable":true,"href":"https:\/\/mobecor.ee\/en\/wp-json\/wp\/v2\/product_tag?post=109842"}],"curies":[{"name":"wp","href":"https:\/\/api.w.org\/{rel}","templated":true}]}}