{"id":109892,"date":"2026-03-30T15:53:25","date_gmt":"2026-03-30T12:53:25","guid":{"rendered":"https:\/\/mobecor.ee\/?post_type=product&#038;p=109892"},"modified":"2026-04-14T16:17:50","modified_gmt":"2026-04-14T13:17:50","slug":"kummut-belfor","status":"publish","type":"product","link":"https:\/\/mobecor.ee\/en\/toode\/kummut-belfor\/","title":{"rendered":"Kummut Belfort 45 (150\/41\/95)\/Tartu poes"},"content":{"rendered":"<p><strong>NB! Antud toode on tootmisest v\u00e4ljas ja juurde tellida ei saa.<\/strong><br \/>\nKummutil on 2 ust ja 4 sahtlit.<br \/>\nV\u00e4rv: korpus &#8211; valge; esipinnad &#8211; valge k\u00f5rgl\u00e4ikega\/p\u00e4hkel Sandiego.<br \/>\nMaterjal: kvaliteetne lamineeritud m\u00f6\u00f6bliplaat.<br \/>\nToodetud: Poolas.<br \/>\nToode tarnitakse\u00a0detailidena.<br \/>\nLaius: 150 cm.<br \/>\nS\u00fcgavus: 41 cm.<br \/>\nK\u00f5rgus: 95 cm.<br \/>\n<strong>Tarneaeg: kohe olemas Tartu poes (kokku monteerituna).<\/strong><\/p>\n","protected":false},"excerpt":{"rendered":"<p>NB! Antud toode on tootmisest v\u00e4ljas ja juurde tellida ei saa. Kummutil on 2 ust ja 4 sahtlit. V\u00e4rv: korpus&#8230;<\/p>\n","protected":false},"featured_media":109893,"template":"","meta":{"_acf_changed":false,"inline_featured_image":false},"series":[],"product_brand":[2941],"product_cat":[4020],"product_tag":[],"class_list":{"0":"post-109892","1":"product","2":"type-product","3":"status-publish","4":"has-post-thumbnail","6":"product_brand-szynaka","7":"product_cat-kohe-olemas-tartu-poes","9":"first","10":"instock","11":"sale","12":"taxable","13":"shipping-taxable","14":"purchasable","15":"product-type-simple"},"acf":[],"_links":{"self":[{"href":"https:\/\/mobecor.ee\/en\/wp-json\/wp\/v2\/product\/109892","targetHints":{"allow":["GET"]}}],"collection":[{"href":"https:\/\/mobecor.ee\/en\/wp-json\/wp\/v2\/product"}],"about":[{"href":"https:\/\/mobecor.ee\/en\/wp-json\/wp\/v2\/types\/product"}],"wp:featuredmedia":[{"embeddable":true,"href":"https:\/\/mobecor.ee\/en\/wp-json\/wp\/v2\/media\/109893"}],"wp:attachment":[{"href":"https:\/\/mobecor.ee\/en\/wp-json\/wp\/v2\/media?parent=109892"}],"wp:term":[{"taxonomy":"series","embeddable":true,"href":"https:\/\/mobecor.ee\/en\/wp-json\/wp\/v2\/series?post=109892"},{"taxonomy":"product_brand","embeddable":true,"href":"https:\/\/mobecor.ee\/en\/wp-json\/wp\/v2\/product_brand?post=109892"},{"taxonomy":"product_cat","embeddable":true,"href":"https:\/\/mobecor.ee\/en\/wp-json\/wp\/v2\/product_cat?post=109892"},{"taxonomy":"product_tag","embeddable":true,"href":"https:\/\/mobecor.ee\/en\/wp-json\/wp\/v2\/product_tag?post=109892"}],"curies":[{"name":"wp","href":"https:\/\/api.w.org\/{rel}","templated":true}]}}