{"id":109899,"date":"2026-03-30T16:33:21","date_gmt":"2026-03-30T13:33:21","guid":{"rendered":"https:\/\/mobecor.ee\/?post_type=product&#038;p=109899"},"modified":"2026-04-10T07:03:40","modified_gmt":"2026-04-10T04:03:40","slug":"kummut-futura-07-tartus","status":"publish","type":"product","link":"https:\/\/mobecor.ee\/en\/toode\/kummut-futura-07-tartus\/","title":{"rendered":"Kummut Futura 07 (150\/41\/95)\/Tartu poes"},"content":{"rendered":"<p>Kummutil on 3 ust. Iga ukse taga on 1 riiul.<br \/>\nKorpus: 16 mm lamineeritud puitlaastplaat.<br \/>\nKorpuse v\u00e4rv: alpivalge.<br \/>\nEsik\u00fclg: 16 mm MDF.<br \/>\nEsik\u00fclje v\u00e4rv: l\u00e4ikiv valge.<br \/>\nTagapaneel: 3 mm HDF-plaat.<br \/>\nToodetud: Poolas.<br \/>\nToode tarnitakse\u00a0detailidena.<br \/>\nLaius: 150 cm.<br \/>\nS\u00fcgavus: 41 cm.<br \/>\nK\u00f5rgus: 91 cm.<br \/>\n<strong>Tarneaeg: kohe olemas Tartu poes (kokku monteerituna).<\/strong><\/p>\n","protected":false},"excerpt":{"rendered":"<p>Kummutil on 3 ust. Iga ukse taga on 1 riiul. Korpus: 16 mm lamineeritud puitlaastplaat. Korpuse v\u00e4rv: alpivalge. Esik\u00fclg: 16&#8230;<\/p>\n","protected":false},"featured_media":109900,"template":"","meta":{"_acf_changed":false,"inline_featured_image":false},"series":[],"product_brand":[3969],"product_cat":[36,4020],"product_tag":[],"class_list":{"0":"post-109899","1":"product","2":"type-product","3":"status-publish","4":"has-post-thumbnail","6":"product_brand-dakar","7":"product_cat-kummutid","8":"product_cat-kohe-olemas-tartu-poes","10":"first","11":"instock","12":"sale","13":"taxable","14":"shipping-taxable","15":"purchasable","16":"product-type-simple"},"acf":[],"_links":{"self":[{"href":"https:\/\/mobecor.ee\/en\/wp-json\/wp\/v2\/product\/109899","targetHints":{"allow":["GET"]}}],"collection":[{"href":"https:\/\/mobecor.ee\/en\/wp-json\/wp\/v2\/product"}],"about":[{"href":"https:\/\/mobecor.ee\/en\/wp-json\/wp\/v2\/types\/product"}],"wp:featuredmedia":[{"embeddable":true,"href":"https:\/\/mobecor.ee\/en\/wp-json\/wp\/v2\/media\/109900"}],"wp:attachment":[{"href":"https:\/\/mobecor.ee\/en\/wp-json\/wp\/v2\/media?parent=109899"}],"wp:term":[{"taxonomy":"series","embeddable":true,"href":"https:\/\/mobecor.ee\/en\/wp-json\/wp\/v2\/series?post=109899"},{"taxonomy":"product_brand","embeddable":true,"href":"https:\/\/mobecor.ee\/en\/wp-json\/wp\/v2\/product_brand?post=109899"},{"taxonomy":"product_cat","embeddable":true,"href":"https:\/\/mobecor.ee\/en\/wp-json\/wp\/v2\/product_cat?post=109899"},{"taxonomy":"product_tag","embeddable":true,"href":"https:\/\/mobecor.ee\/en\/wp-json\/wp\/v2\/product_tag?post=109899"}],"curies":[{"name":"wp","href":"https:\/\/api.w.org\/{rel}","templated":true}]}}