{"id":109922,"date":"2026-03-31T08:41:40","date_gmt":"2026-03-31T05:41:40","guid":{"rendered":"https:\/\/mobecor.ee\/?post_type=product&#038;p=109922"},"modified":"2026-04-10T14:24:02","modified_gmt":"2026-04-10T11:24:02","slug":"pikendatav-soogilaud-s-49-tartu-poes","status":"publish","type":"product","link":"https:\/\/mobecor.ee\/en\/toode\/pikendatav-soogilaud-s-49-tartu-poes\/","title":{"rendered":"Pikendatav s\u00f6\u00f6gilaud S-49 (\u00d8120\/120-220\/76)"},"content":{"rendered":"<p>Raam on valmistatud k\u00f5rgeima kvaliteediga puidust,<br \/>\n&#8211; Mustad metalljalad,<br \/>\n&#8211; Pikendatav lauaplaat<br \/>\n&#8211; S\u00fcnkroonjuhik (lauaplaadi alla peidetud vahet\u00fckid), lisaks paigaldatud pidur, mis hoiab \u00e4ra lauaplaadi kontrollimatu libisemise.<br \/>\nLauaplaadi l\u00e4bim\u00f5\u00f5t: 120 cm.<br \/>\nKoos vaheplaatidega pikendatav: 220 cm.<br \/>\nK\u00f5rgus: 76 cm.<br \/>\n<strong>Laud on kohe olemas.<\/strong><\/p>\n","protected":false},"excerpt":{"rendered":"<p>Raam on valmistatud k\u00f5rgeima kvaliteediga puidust, &#8211; Mustad metalljalad, &#8211; Pikendatav lauaplaat &#8211; S\u00fcnkroonjuhik (lauaplaadi alla peidetud vahet\u00fckid), lisaks paigaldatud&#8230;<\/p>\n","protected":false},"featured_media":109927,"template":"","meta":{"_acf_changed":false,"inline_featured_image":false},"series":[],"product_brand":[3021],"product_cat":[219,2924],"product_tag":[],"class_list":{"0":"post-109922","1":"product","2":"type-product","3":"status-publish","4":"has-post-thumbnail","6":"product_brand-perepuit","7":"product_cat-soogilauad","8":"product_cat-soogilauad-ja-toolid-laos","10":"first","11":"instock","12":"sale","13":"taxable","14":"shipping-taxable","15":"purchasable","16":"product-type-simple"},"acf":[],"_links":{"self":[{"href":"https:\/\/mobecor.ee\/en\/wp-json\/wp\/v2\/product\/109922","targetHints":{"allow":["GET"]}}],"collection":[{"href":"https:\/\/mobecor.ee\/en\/wp-json\/wp\/v2\/product"}],"about":[{"href":"https:\/\/mobecor.ee\/en\/wp-json\/wp\/v2\/types\/product"}],"wp:featuredmedia":[{"embeddable":true,"href":"https:\/\/mobecor.ee\/en\/wp-json\/wp\/v2\/media\/109927"}],"wp:attachment":[{"href":"https:\/\/mobecor.ee\/en\/wp-json\/wp\/v2\/media?parent=109922"}],"wp:term":[{"taxonomy":"series","embeddable":true,"href":"https:\/\/mobecor.ee\/en\/wp-json\/wp\/v2\/series?post=109922"},{"taxonomy":"product_brand","embeddable":true,"href":"https:\/\/mobecor.ee\/en\/wp-json\/wp\/v2\/product_brand?post=109922"},{"taxonomy":"product_cat","embeddable":true,"href":"https:\/\/mobecor.ee\/en\/wp-json\/wp\/v2\/product_cat?post=109922"},{"taxonomy":"product_tag","embeddable":true,"href":"https:\/\/mobecor.ee\/en\/wp-json\/wp\/v2\/product_tag?post=109922"}],"curies":[{"name":"wp","href":"https:\/\/api.w.org\/{rel}","templated":true}]}}