{"id":110066,"date":"2026-04-01T09:15:32","date_gmt":"2026-04-01T06:15:32","guid":{"rendered":"https:\/\/mobecor.ee\/?post_type=product&#038;p=110066"},"modified":"2026-04-01T09:18:01","modified_gmt":"2026-04-01T06:18:01","slug":"kummut-terra-ta4-92-405-1255","status":"publish","type":"product","link":"https:\/\/mobecor.ee\/en\/toode\/kummut-terra-ta4-92-405-1255\/","title":{"rendered":"Kummut Terra TA4 (92\/40,5\/125,5)"},"content":{"rendered":"<p>Kummutil on 1 sahtel ja 2 ust.<br \/>\nLED-valgustus puutetundliku l\u00fclitusega, t\u00f6\u00f6pinna all (standardis).<br \/>\nElegantsed metallist k\u00e4epidemed (roosakuldne toon).<br \/>\nKorpus: lamineeritud m\u00f6\u00f6bliplaat.<br \/>\nEsipaneelid: MDF (22 mm).<br \/>\nServad: vastupidav ABS-kate.<br \/>\nJalad: tamme t\u00e4ispuidust (15 cm\/kummuti alune k\u00f5rgus 10 cm\u00a0\u2013 loob kerge ja \u00f5hulise ilme ning v\u00f5imaldab lihtsat puhastust).<br \/>\nVaikse sulgumise s\u00fcsteem: sujuv ja m\u00fcratu kasutus.<br \/>\nV\u00e4rv: hall teemant \u2013 rahulik, s\u00fcgav ja kergelt l\u00e4ikiv toon.<br \/>\nToodetud: Poolas.<br \/>\nToode tarnitakse detailidena.<\/p>\n","protected":false},"excerpt":{"rendered":"<p>Laius: 92 cm.<br \/>\nS\u00fcgavus: 40,5 cm.<br \/>\nK\u00f5rgus: 125,5 cm.<br \/>\nTarneaeg: 4-8 n\u00e4dalat.<\/p>\n","protected":false},"featured_media":110079,"template":"","meta":{"_acf_changed":false,"inline_featured_image":false},"series":[4125],"product_brand":[2946],"product_cat":[36],"product_tag":[],"class_list":{"0":"post-110066","1":"product","2":"type-product","3":"status-publish","4":"has-post-thumbnail","6":"series-terra-mooblisari","7":"product_brand-jarstol","8":"product_cat-kummutid","10":"first","11":"instock","12":"taxable","13":"shipping-taxable","14":"purchasable","15":"product-type-simple"},"acf":[],"_links":{"self":[{"href":"https:\/\/mobecor.ee\/en\/wp-json\/wp\/v2\/product\/110066","targetHints":{"allow":["GET"]}}],"collection":[{"href":"https:\/\/mobecor.ee\/en\/wp-json\/wp\/v2\/product"}],"about":[{"href":"https:\/\/mobecor.ee\/en\/wp-json\/wp\/v2\/types\/product"}],"wp:featuredmedia":[{"embeddable":true,"href":"https:\/\/mobecor.ee\/en\/wp-json\/wp\/v2\/media\/110079"}],"wp:attachment":[{"href":"https:\/\/mobecor.ee\/en\/wp-json\/wp\/v2\/media?parent=110066"}],"wp:term":[{"taxonomy":"series","embeddable":true,"href":"https:\/\/mobecor.ee\/en\/wp-json\/wp\/v2\/series?post=110066"},{"taxonomy":"product_brand","embeddable":true,"href":"https:\/\/mobecor.ee\/en\/wp-json\/wp\/v2\/product_brand?post=110066"},{"taxonomy":"product_cat","embeddable":true,"href":"https:\/\/mobecor.ee\/en\/wp-json\/wp\/v2\/product_cat?post=110066"},{"taxonomy":"product_tag","embeddable":true,"href":"https:\/\/mobecor.ee\/en\/wp-json\/wp\/v2\/product_tag?post=110066"}],"curies":[{"name":"wp","href":"https:\/\/api.w.org\/{rel}","templated":true}]}}