{"id":111170,"date":"2026-04-23T11:38:18","date_gmt":"2026-04-23T08:38:18","guid":{"rendered":"https:\/\/mobecor.ee\/?post_type=product&#038;p=111170"},"modified":"2026-04-23T11:43:38","modified_gmt":"2026-04-23T08:43:38","slug":"tugitool-saara","status":"publish","type":"product","link":"https:\/\/mobecor.ee\/en\/toode\/tugitool-saara\/","title":{"rendered":"Tugitool Saara (62\/79\/88)"},"content":{"rendered":"<p>Tugitool Saar on suurep\u00e4rane valik nii modernsesse kodusse kui ka klassikalisse interj\u00f6\u00f6ri.<br \/>\nTugitooli karkass, k\u00e4etoed ja jalad on valmistatud puidust.<br \/>\nTugitooli iste ja seljatugi on kaetud kangaga, pehmenduseks poroloon.<br \/>\nSuuremat kanga ja puidu valikut saab n\u00e4ha Mobecori V\u00f5ru poes.<span style=\"font-size: 14px; line-height: 1.3em;\"><br \/>\n<\/span><\/p>\n","protected":false},"excerpt":{"rendered":"<p>Laius: 62 cm.<br \/>\nS\u00fcgavus: 79 cm.<br \/>\nK\u00f5rgus: 88 cm.<br \/>\nIstumisk\u00f5rgus: 43 cm.<br \/>\nJala k\u00f5rgus: 18 cm.<br \/>\nToodetud: Eestis.<br \/>\nTarneaeg: kuni 6 n\u00e4dalat.<\/p>\n","protected":false},"featured_media":111171,"template":"","meta":{"_acf_changed":false,"inline_featured_image":false},"series":[],"product_brand":[3021],"product_cat":[285],"product_tag":[],"class_list":{"0":"post-111170","1":"product","2":"type-product","3":"status-publish","4":"has-post-thumbnail","6":"product_brand-perepuit","7":"product_cat-tugitoolid","9":"first","10":"instock","11":"sale","12":"taxable","13":"shipping-taxable","14":"purchasable","15":"product-type-simple"},"acf":[],"_links":{"self":[{"href":"https:\/\/mobecor.ee\/en\/wp-json\/wp\/v2\/product\/111170","targetHints":{"allow":["GET"]}}],"collection":[{"href":"https:\/\/mobecor.ee\/en\/wp-json\/wp\/v2\/product"}],"about":[{"href":"https:\/\/mobecor.ee\/en\/wp-json\/wp\/v2\/types\/product"}],"wp:featuredmedia":[{"embeddable":true,"href":"https:\/\/mobecor.ee\/en\/wp-json\/wp\/v2\/media\/111171"}],"wp:attachment":[{"href":"https:\/\/mobecor.ee\/en\/wp-json\/wp\/v2\/media?parent=111170"}],"wp:term":[{"taxonomy":"series","embeddable":true,"href":"https:\/\/mobecor.ee\/en\/wp-json\/wp\/v2\/series?post=111170"},{"taxonomy":"product_brand","embeddable":true,"href":"https:\/\/mobecor.ee\/en\/wp-json\/wp\/v2\/product_brand?post=111170"},{"taxonomy":"product_cat","embeddable":true,"href":"https:\/\/mobecor.ee\/en\/wp-json\/wp\/v2\/product_cat?post=111170"},{"taxonomy":"product_tag","embeddable":true,"href":"https:\/\/mobecor.ee\/en\/wp-json\/wp\/v2\/product_tag?post=111170"}],"curies":[{"name":"wp","href":"https:\/\/api.w.org\/{rel}","templated":true}]}}