{"id":111427,"date":"2026-05-06T09:33:16","date_gmt":"2026-05-06T06:33:16","guid":{"rendered":"https:\/\/mobecor.ee\/?post_type=product&#038;p=111427"},"modified":"2026-05-06T09:40:37","modified_gmt":"2026-05-06T06:40:37","slug":"riidekapp-panama-pa02-bi-laos","status":"publish","type":"product","link":"https:\/\/mobecor.ee\/en\/toode\/riidekapp-panama-pa02-bi-laos\/","title":{"rendered":"Riidekapp Panama PA02-BI (90\/52,5\/190)\/LAOS KOHE OLEMAS"},"content":{"rendered":"<p>Riidekapil on 2 ust. Uste taga on riidepuutoru, m\u00fctsiriiul pesuriiulid.<br \/>\nMaterjal: kvaliteetne ja vastupidav melamiinkattega laminaat.<br \/>\nV\u00e4rv: valge k\u00f5rgl\u00e4ikega (BI).<br \/>\nToodetud: Poolas.<br \/>\nToode tarnitakse detailidena.<\/p>\n<p>&nbsp;<\/p>\n","protected":false},"excerpt":{"rendered":"<p>Laius: 90 cm.<br \/>\nK\u00f5rgus: 190 cm.<br \/>\nS\u00fcgavus: 52,5 cm.<br \/>\nTarneaeg: laos kohe olemas.<\/p>\n","protected":false},"featured_media":34926,"template":"","meta":{"_acf_changed":false,"inline_featured_image":false},"series":[2812],"product_brand":[2947],"product_cat":[327,2923],"product_tag":[],"class_list":{"0":"post-111427","1":"product","2":"type-product","3":"status-publish","4":"has-post-thumbnail","6":"series-panama","7":"product_brand-bodzio","8":"product_cat-2-uksega-kapid","9":"product_cat-riidekapid-laos","11":"first","12":"instock","13":"sale","14":"taxable","15":"shipping-taxable","16":"purchasable","17":"product-type-simple"},"acf":[],"_links":{"self":[{"href":"https:\/\/mobecor.ee\/en\/wp-json\/wp\/v2\/product\/111427","targetHints":{"allow":["GET"]}}],"collection":[{"href":"https:\/\/mobecor.ee\/en\/wp-json\/wp\/v2\/product"}],"about":[{"href":"https:\/\/mobecor.ee\/en\/wp-json\/wp\/v2\/types\/product"}],"wp:featuredmedia":[{"embeddable":true,"href":"https:\/\/mobecor.ee\/en\/wp-json\/wp\/v2\/media\/34926"}],"wp:attachment":[{"href":"https:\/\/mobecor.ee\/en\/wp-json\/wp\/v2\/media?parent=111427"}],"wp:term":[{"taxonomy":"series","embeddable":true,"href":"https:\/\/mobecor.ee\/en\/wp-json\/wp\/v2\/series?post=111427"},{"taxonomy":"product_brand","embeddable":true,"href":"https:\/\/mobecor.ee\/en\/wp-json\/wp\/v2\/product_brand?post=111427"},{"taxonomy":"product_cat","embeddable":true,"href":"https:\/\/mobecor.ee\/en\/wp-json\/wp\/v2\/product_cat?post=111427"},{"taxonomy":"product_tag","embeddable":true,"href":"https:\/\/mobecor.ee\/en\/wp-json\/wp\/v2\/product_tag?post=111427"}],"curies":[{"name":"wp","href":"https:\/\/api.w.org\/{rel}","templated":true}]}}