{"id":111942,"date":"2026-05-15T08:57:16","date_gmt":"2026-05-15T05:57:16","guid":{"rendered":"https:\/\/mobecor.ee\/?post_type=product&#038;p=111942"},"modified":"2026-05-15T09:03:46","modified_gmt":"2026-05-15T06:03:46","slug":"ookapp-parys-ps-15-tamm-dziki","status":"publish","type":"product","link":"https:\/\/mobecor.ee\/en\/toode\/ookapp-parys-ps-15-tamm-dziki\/","title":{"rendered":"\u00d6\u00f6kapp Parys PS-15, tamm D\u017eiki (46\/41\/54)\/Laos kohe olemas"},"content":{"rendered":"<p>\u00d6\u00f6kapil on 1 sahtel.<br \/>\nMaterjal: kvaliteetne ja vastupidav laminaat.<br \/>\nV\u00e4rv: tamm D\u017eiki.<br \/>\nToode tarnitakse detailidena.<br \/>\nToodetud: Poolas.<\/p>\n","protected":false},"excerpt":{"rendered":"<p>Laius: 46 cm<br \/>\nS\u00fcgavus: 41 cm.<br \/>\nK\u00f5rgus: 54 cm.<br \/>\n<strong>Tarneaeg: laos kohe olemas.<\/strong><\/p>\n","protected":false},"featured_media":111946,"template":"","meta":{"_acf_changed":false,"inline_featured_image":false},"series":[2814],"product_brand":[2943],"product_cat":[231,2933],"product_tag":[],"class_list":{"0":"post-111942","1":"product","2":"type-product","3":"status-publish","4":"has-post-thumbnail","6":"series-parys","7":"product_brand-mlotmeble","8":"product_cat-ookapid","9":"product_cat-ookapid-laos","11":"first","12":"instock","13":"sale","14":"taxable","15":"shipping-taxable","16":"purchasable","17":"product-type-simple"},"acf":[],"_links":{"self":[{"href":"https:\/\/mobecor.ee\/en\/wp-json\/wp\/v2\/product\/111942","targetHints":{"allow":["GET"]}}],"collection":[{"href":"https:\/\/mobecor.ee\/en\/wp-json\/wp\/v2\/product"}],"about":[{"href":"https:\/\/mobecor.ee\/en\/wp-json\/wp\/v2\/types\/product"}],"wp:featuredmedia":[{"embeddable":true,"href":"https:\/\/mobecor.ee\/en\/wp-json\/wp\/v2\/media\/111946"}],"wp:attachment":[{"href":"https:\/\/mobecor.ee\/en\/wp-json\/wp\/v2\/media?parent=111942"}],"wp:term":[{"taxonomy":"series","embeddable":true,"href":"https:\/\/mobecor.ee\/en\/wp-json\/wp\/v2\/series?post=111942"},{"taxonomy":"product_brand","embeddable":true,"href":"https:\/\/mobecor.ee\/en\/wp-json\/wp\/v2\/product_brand?post=111942"},{"taxonomy":"product_cat","embeddable":true,"href":"https:\/\/mobecor.ee\/en\/wp-json\/wp\/v2\/product_cat?post=111942"},{"taxonomy":"product_tag","embeddable":true,"href":"https:\/\/mobecor.ee\/en\/wp-json\/wp\/v2\/product_tag?post=111942"}],"curies":[{"name":"wp","href":"https:\/\/api.w.org\/{rel}","templated":true}]}}