{"id":16660,"date":"2025-05-05T08:27:42","date_gmt":"2025-05-05T08:27:42","guid":{"rendered":"https:\/\/mobecor.ee\/?post_type=product&#038;p=16660"},"modified":"2025-08-13T10:11:14","modified_gmt":"2025-08-13T07:11:14","slug":"esikupink-harbin-valge","status":"publish","type":"product","link":"https:\/\/mobecor.ee\/en\/toode\/esikupink-harbin-valge\/","title":{"rendered":"Esikupink Harbin, must (80\/32\/46)"},"content":{"rendered":"<p><span style=\"font-size: 14px;\">Pingi raam on metallist, v\u00e4rvitud halliks.<br \/>\n<\/span><span style=\"font-size: 14px;\">Istme pehmenduseks on poroloon.<br \/>\n<\/span><span style=\"font-size: 14px;\">Kaetud musta kunstnahaga.<br \/>\n<\/span><span style=\"font-size: 14px;\">Laius: 80 cm.<br \/>\n<\/span><span style=\"font-size: 14px;\">S\u00fcgavus: 32 cm.<br \/>\n<\/span><span style=\"font-size: 14px;\">K\u00f5rgus: 46 cm.<br \/>\n<\/span><span style=\"font-size: 14px;\">Pakendi m\u00f5\u00f5t: L.72*25*H.11cm, 4,5kg.<br \/>\n<\/span><span style=\"font-size: 14px;\">Tarneaeg: kuni 4 n\u00e4dalat.<\/span><\/p>\n","protected":false},"excerpt":{"rendered":"<p>Pingi raam on metallist, v\u00e4rvitud halliks. Istme pehmenduseks on poroloon. Kaetud musta kunstnahaga. Laius: 80 cm. S\u00fcgavus: 32 cm. K\u00f5rgus:&#8230;<\/p>\n","protected":false},"featured_media":70253,"template":"","meta":{"_acf_changed":false,"inline_featured_image":false},"series":[],"product_brand":[],"product_cat":[293],"product_tag":[],"class_list":{"0":"post-16660","1":"product","2":"type-product","3":"status-publish","4":"has-post-thumbnail","6":"product_cat-jalanoudekapid","8":"first","9":"instock","10":"sale","11":"taxable","12":"shipping-taxable","13":"purchasable","14":"product-type-simple"},"acf":[],"_links":{"self":[{"href":"https:\/\/mobecor.ee\/en\/wp-json\/wp\/v2\/product\/16660","targetHints":{"allow":["GET"]}}],"collection":[{"href":"https:\/\/mobecor.ee\/en\/wp-json\/wp\/v2\/product"}],"about":[{"href":"https:\/\/mobecor.ee\/en\/wp-json\/wp\/v2\/types\/product"}],"wp:featuredmedia":[{"embeddable":true,"href":"https:\/\/mobecor.ee\/en\/wp-json\/wp\/v2\/media\/70253"}],"wp:attachment":[{"href":"https:\/\/mobecor.ee\/en\/wp-json\/wp\/v2\/media?parent=16660"}],"wp:term":[{"taxonomy":"series","embeddable":true,"href":"https:\/\/mobecor.ee\/en\/wp-json\/wp\/v2\/series?post=16660"},{"taxonomy":"product_brand","embeddable":true,"href":"https:\/\/mobecor.ee\/en\/wp-json\/wp\/v2\/product_brand?post=16660"},{"taxonomy":"product_cat","embeddable":true,"href":"https:\/\/mobecor.ee\/en\/wp-json\/wp\/v2\/product_cat?post=16660"},{"taxonomy":"product_tag","embeddable":true,"href":"https:\/\/mobecor.ee\/en\/wp-json\/wp\/v2\/product_tag?post=16660"}],"curies":[{"name":"wp","href":"https:\/\/api.w.org\/{rel}","templated":true}]}}