{"id":16661,"date":"2025-05-05T08:27:43","date_gmt":"2025-05-05T08:27:43","guid":{"rendered":"https:\/\/mobecor.ee\/?post_type=product&#038;p=16661"},"modified":"2025-12-16T14:44:46","modified_gmt":"2025-12-16T12:44:46","slug":"kingariiul-alfa-valge","status":"publish","type":"product","link":"https:\/\/mobecor.ee\/en\/toode\/kingariiul-alfa-valge\/","title":{"rendered":"Kingariiul Alfa, valge (65\/23\/77)"},"content":{"rendered":"<p><span style=\"font-size: 14px;\">Metallist kingariiul Alfa.<br \/>\n<\/span><span style=\"font-size: 14px;\">V\u00e4rvus: valge.<br \/>\n<\/span><span style=\"font-size: 14px;\">Laius: 65 cm.<br \/>\n<\/span><span style=\"font-size: 14px;\">S\u00fcgavus: 23 cm.<br \/>\n<\/span><span style=\"font-size: 14px;\">K\u00f5rgus: 77 cm.<br \/>\n<\/span><span style=\"font-size: 14px;\">Riiulite vahe: 16 cm.<br \/>\n<\/span><span style=\"font-size: 14px;\">Pakendi m\u00f5\u00f5t: L.81*32*H.9 cm, kaal: 5,4kg.<br \/>\n<\/span><span style=\"font-size: 14px;\">Tarneaeg: kuni 4 n\u00e4dalat.<\/span><\/p>\n","protected":false},"excerpt":{"rendered":"<p>Metallist kingariiul Alfa. V\u00e4rvus: valge. Laius: 65 cm. S\u00fcgavus: 23 cm. K\u00f5rgus: 77 cm. Riiulite vahe: 16 cm. Pakendi m\u00f5\u00f5t:&#8230;<\/p>\n","protected":false},"featured_media":16614,"template":"","meta":{"_acf_changed":false,"inline_featured_image":false},"series":[],"product_brand":[2913],"product_cat":[293],"product_tag":[],"class_list":{"0":"post-16661","1":"product","2":"type-product","3":"status-publish","4":"has-post-thumbnail","6":"product_brand-grafio","7":"product_cat-jalanoudekapid","9":"first","10":"instock","11":"sale","12":"taxable","13":"shipping-taxable","14":"purchasable","15":"product-type-simple"},"acf":[],"_links":{"self":[{"href":"https:\/\/mobecor.ee\/en\/wp-json\/wp\/v2\/product\/16661","targetHints":{"allow":["GET"]}}],"collection":[{"href":"https:\/\/mobecor.ee\/en\/wp-json\/wp\/v2\/product"}],"about":[{"href":"https:\/\/mobecor.ee\/en\/wp-json\/wp\/v2\/types\/product"}],"wp:featuredmedia":[{"embeddable":true,"href":"https:\/\/mobecor.ee\/en\/wp-json\/wp\/v2\/media\/16614"}],"wp:attachment":[{"href":"https:\/\/mobecor.ee\/en\/wp-json\/wp\/v2\/media?parent=16661"}],"wp:term":[{"taxonomy":"series","embeddable":true,"href":"https:\/\/mobecor.ee\/en\/wp-json\/wp\/v2\/series?post=16661"},{"taxonomy":"product_brand","embeddable":true,"href":"https:\/\/mobecor.ee\/en\/wp-json\/wp\/v2\/product_brand?post=16661"},{"taxonomy":"product_cat","embeddable":true,"href":"https:\/\/mobecor.ee\/en\/wp-json\/wp\/v2\/product_cat?post=16661"},{"taxonomy":"product_tag","embeddable":true,"href":"https:\/\/mobecor.ee\/en\/wp-json\/wp\/v2\/product_tag?post=16661"}],"curies":[{"name":"wp","href":"https:\/\/api.w.org\/{rel}","templated":true}]}}