{"id":16777,"date":"2025-05-05T08:28:44","date_gmt":"2025-05-05T08:28:44","guid":{"rendered":"https:\/\/mobecor.ee\/?post_type=product&#038;p=16777"},"modified":"2026-04-07T14:41:30","modified_gmt":"2026-04-07T11:41:30","slug":"diivanvoodi-canto-160","status":"publish","type":"product","link":"https:\/\/mobecor.ee\/en\/toode\/diivanvoodi-canto-160\/","title":{"rendered":"Diivanvoodi Canto 160"},"content":{"rendered":"<p>Diivanvoodi Canto paistab silma erakordse funktsionaalsuse poolest, kuna selle saab h\u00f5lpsasti muuta mugavaks voodiks, mist\u00f5ttu on see ideaalne valik igap\u00e4evaseks kasutamiseks v\u00e4iksemates ruumides v\u00f5i k\u00fclalistetoas.<br \/>\nDiivanvoodi on ilma pesukastita.<br \/>\nToodetud: Poolas.<br \/>\nNB! Hind kehtib I grupi kangastega (piltidel I grupi kangad).<br \/>\nSuuremat kangavalikut on v\u00f5imalik n\u00e4ha Mobecori m\u00f6\u00f6blipoes V\u00f5rus.<span style=\"font-size: 14px;\"><br \/>\n<\/span><\/p>\n","protected":false},"excerpt":{"rendered":"<p>Laius: 218 cm.<br \/>\nS\u00fcgavus: 106 cm.<br \/>\nK\u00f5rgus: 69\/82 cm.<br \/>\nIstumisk\u00f5rgus: 44 cm.<br \/>\nMagamiskoha m\u00f5\u00f5dud: 160 x 190 cm.<br \/>\nJala k\u00f5rgus: 8 cm.<br \/>\nTarneaeg: 10-16 n\u00e4dalat.<\/p>\n","protected":false},"featured_media":16342,"template":"","meta":{"_acf_changed":false,"inline_featured_image":false},"series":[],"product_brand":[2955],"product_cat":[195],"product_tag":[],"class_list":{"0":"post-16777","1":"product","2":"type-product","3":"status-publish","4":"has-post-thumbnail","6":"product_brand-wersal","7":"product_cat-diivanvoodid","9":"first","10":"instock","11":"taxable","12":"shipping-taxable","13":"purchasable","14":"product-type-simple"},"acf":[],"_links":{"self":[{"href":"https:\/\/mobecor.ee\/en\/wp-json\/wp\/v2\/product\/16777","targetHints":{"allow":["GET"]}}],"collection":[{"href":"https:\/\/mobecor.ee\/en\/wp-json\/wp\/v2\/product"}],"about":[{"href":"https:\/\/mobecor.ee\/en\/wp-json\/wp\/v2\/types\/product"}],"wp:featuredmedia":[{"embeddable":true,"href":"https:\/\/mobecor.ee\/en\/wp-json\/wp\/v2\/media\/16342"}],"wp:attachment":[{"href":"https:\/\/mobecor.ee\/en\/wp-json\/wp\/v2\/media?parent=16777"}],"wp:term":[{"taxonomy":"series","embeddable":true,"href":"https:\/\/mobecor.ee\/en\/wp-json\/wp\/v2\/series?post=16777"},{"taxonomy":"product_brand","embeddable":true,"href":"https:\/\/mobecor.ee\/en\/wp-json\/wp\/v2\/product_brand?post=16777"},{"taxonomy":"product_cat","embeddable":true,"href":"https:\/\/mobecor.ee\/en\/wp-json\/wp\/v2\/product_cat?post=16777"},{"taxonomy":"product_tag","embeddable":true,"href":"https:\/\/mobecor.ee\/en\/wp-json\/wp\/v2\/product_tag?post=16777"}],"curies":[{"name":"wp","href":"https:\/\/api.w.org\/{rel}","templated":true}]}}