{"id":16778,"date":"2025-05-05T08:28:44","date_gmt":"2025-05-05T08:28:44","guid":{"rendered":"https:\/\/mobecor.ee\/?post_type=product&#038;p=16778"},"modified":"2026-04-07T14:41:38","modified_gmt":"2026-04-07T11:41:38","slug":"diivanvoodi-capri-120","status":"publish","type":"product","link":"https:\/\/mobecor.ee\/en\/toode\/diivanvoodi-capri-120\/","title":{"rendered":"Diivanvoodi Capri 120"},"content":{"rendered":"<p>Diivanvoodi Capri paistab silma erakordse funktsionaalsuse poolest, kuna selle saab h\u00f5lpsasti muuta mugavaks voodiks, mist\u00f5ttu on see ideaalne valik igap\u00e4evaseks kasutamiseks v\u00e4iksemates ruumides v\u00f5i k\u00fclalistetoas.<br \/>\nDiivanvoodi on ilma pesukastita.<br \/>\nToodetud: Poolas.<br \/>\nNB! Hind kehtib I grupi kangastega (piltidel I grupi kangad).<br \/>\nSuuremat kangavalikut on v\u00f5imalik n\u00e4ha Mobecori m\u00f6\u00f6blipoes V\u00f5rus.<br \/>\n<span id=\"cloak08936a35fccbbb4ee8bc8b11fc3bee87\"><span id=\"cloak7e214a682cb8c5058fb170c61c0e0b7f\"><\/span><\/span><\/p>\n","protected":false},"excerpt":{"rendered":"<p>Laius: 183 cm.<br \/>\nS\u00fcgavus: 99 cm.<br \/>\nK\u00f5rgus: 82 cm.<br \/>\nIstumisk\u00f5rgus: 44 cm.<br \/>\nMagamiskoha m\u00f5\u00f5dud: 120 x 190 cm.<br \/>\nJala k\u00f5rgus: 8 cm.<br \/>\nTarneaeg: 10-16 n\u00e4dalat.<\/p>\n","protected":false},"featured_media":16344,"template":"","meta":{"_acf_changed":false,"inline_featured_image":false},"series":[],"product_brand":[2955],"product_cat":[195],"product_tag":[],"class_list":{"0":"post-16778","1":"product","2":"type-product","3":"status-publish","4":"has-post-thumbnail","6":"product_brand-wersal","7":"product_cat-diivanvoodid","9":"first","10":"instock","11":"taxable","12":"shipping-taxable","13":"purchasable","14":"product-type-simple"},"acf":[],"_links":{"self":[{"href":"https:\/\/mobecor.ee\/en\/wp-json\/wp\/v2\/product\/16778","targetHints":{"allow":["GET"]}}],"collection":[{"href":"https:\/\/mobecor.ee\/en\/wp-json\/wp\/v2\/product"}],"about":[{"href":"https:\/\/mobecor.ee\/en\/wp-json\/wp\/v2\/types\/product"}],"wp:featuredmedia":[{"embeddable":true,"href":"https:\/\/mobecor.ee\/en\/wp-json\/wp\/v2\/media\/16344"}],"wp:attachment":[{"href":"https:\/\/mobecor.ee\/en\/wp-json\/wp\/v2\/media?parent=16778"}],"wp:term":[{"taxonomy":"series","embeddable":true,"href":"https:\/\/mobecor.ee\/en\/wp-json\/wp\/v2\/series?post=16778"},{"taxonomy":"product_brand","embeddable":true,"href":"https:\/\/mobecor.ee\/en\/wp-json\/wp\/v2\/product_brand?post=16778"},{"taxonomy":"product_cat","embeddable":true,"href":"https:\/\/mobecor.ee\/en\/wp-json\/wp\/v2\/product_cat?post=16778"},{"taxonomy":"product_tag","embeddable":true,"href":"https:\/\/mobecor.ee\/en\/wp-json\/wp\/v2\/product_tag?post=16778"}],"curies":[{"name":"wp","href":"https:\/\/api.w.org\/{rel}","templated":true}]}}