{"id":16783,"date":"2025-05-05T08:28:45","date_gmt":"2025-05-05T08:28:45","guid":{"rendered":"https:\/\/mobecor.ee\/?post_type=product&#038;p=16783"},"modified":"2026-04-07T14:40:58","modified_gmt":"2026-04-07T11:40:58","slug":"diivanvoodi-tino-160","status":"publish","type":"product","link":"https:\/\/mobecor.ee\/en\/toode\/diivanvoodi-tino-160\/","title":{"rendered":"Diivanvoodi Tino 160"},"content":{"rendered":"<p>Diivanvoodi Tino paistab silma erakordse funktsionaalsuse poolest, kuna selle saab h\u00f5lpsasti muuta mugavaks voodiks, mist\u00f5ttu on see ideaalne valik igap\u00e4evaseks kasutamiseks v\u00e4iksemates ruumides v\u00f5i k\u00fclalistetoas.<br \/>\nDiivanvoodi on ilma pesukastita.<br \/>\nToodetud: Poolas.<br \/>\nNB! Hind kehtib I grupi kangastega (piltidel I grupi kangad).<br \/>\nSuuremat kangavalikut on v\u00f5imalik n\u00e4ha Mobecori m\u00f6\u00f6blipoes V\u00f5rus.<span style=\"font-size: 14px;\"><br \/>\n<\/span><\/p>\n","protected":false},"excerpt":{"rendered":"<p>Laius: 207 cm.<br \/>\nS\u00fcgavus: 97 cm.<br \/>\nK\u00f5rgus: 69\/89 cm.<br \/>\nIstumisk\u00f5rgus: 47 cm.<br \/>\nMagamiskoha m\u00f5\u00f5dud: 160 x 190 cm.<br \/>\nJala k\u00f5rgus: 8 cm.<br \/>\nTarneaeg: 10-16 n\u00e4dalat.<\/p>\n","protected":false},"featured_media":16346,"template":"","meta":{"_acf_changed":false,"inline_featured_image":false},"series":[],"product_brand":[2955],"product_cat":[195],"product_tag":[],"class_list":{"0":"post-16783","1":"product","2":"type-product","3":"status-publish","4":"has-post-thumbnail","6":"product_brand-wersal","7":"product_cat-diivanvoodid","9":"first","10":"instock","11":"taxable","12":"shipping-taxable","13":"purchasable","14":"product-type-simple"},"acf":[],"_links":{"self":[{"href":"https:\/\/mobecor.ee\/en\/wp-json\/wp\/v2\/product\/16783","targetHints":{"allow":["GET"]}}],"collection":[{"href":"https:\/\/mobecor.ee\/en\/wp-json\/wp\/v2\/product"}],"about":[{"href":"https:\/\/mobecor.ee\/en\/wp-json\/wp\/v2\/types\/product"}],"wp:featuredmedia":[{"embeddable":true,"href":"https:\/\/mobecor.ee\/en\/wp-json\/wp\/v2\/media\/16346"}],"wp:attachment":[{"href":"https:\/\/mobecor.ee\/en\/wp-json\/wp\/v2\/media?parent=16783"}],"wp:term":[{"taxonomy":"series","embeddable":true,"href":"https:\/\/mobecor.ee\/en\/wp-json\/wp\/v2\/series?post=16783"},{"taxonomy":"product_brand","embeddable":true,"href":"https:\/\/mobecor.ee\/en\/wp-json\/wp\/v2\/product_brand?post=16783"},{"taxonomy":"product_cat","embeddable":true,"href":"https:\/\/mobecor.ee\/en\/wp-json\/wp\/v2\/product_cat?post=16783"},{"taxonomy":"product_tag","embeddable":true,"href":"https:\/\/mobecor.ee\/en\/wp-json\/wp\/v2\/product_tag?post=16783"}],"curies":[{"name":"wp","href":"https:\/\/api.w.org\/{rel}","templated":true}]}}