{"id":16789,"date":"2025-05-05T08:28:47","date_gmt":"2025-05-05T08:28:47","guid":{"rendered":"https:\/\/mobecor.ee\/?post_type=product&#038;p=16789"},"modified":"2026-01-28T13:38:30","modified_gmt":"2026-01-28T11:38:30","slug":"kummut-kn-8044s-laos","status":"publish","type":"product","link":"https:\/\/mobecor.ee\/en\/toode\/kummut-kn-8044s-laos\/","title":{"rendered":"Kummut KN-8044S (81\/45\/87)\/Laos kohe olemas"},"content":{"rendered":"<p>Kummutil on 4 sahtlit.<br \/>\nMaterjal: kvaliteetne ja vastupidav melamiinkattega laminaat.<br \/>\nV\u00e4rv: tamm kuldne.<br \/>\nToode tarnitakse detailidena.<br \/>\nToodetud: Poolas.<br \/>\nLaius: 81 cm.<br \/>\nS\u00fcgavus: 45 cm.<br \/>\nK\u00f5rgus: 87 cm.<br \/>\n<strong>Tarneaeg: laos kohe olemas 1 tk.<\/strong><br \/>\n<strong>Kummut on pildil lepa v\u00e4rviga. Laos kohe olemas v\u00e4rv (tamm kuldne) on lisatud pisipildina juurde.<br \/>\n<\/strong>K\u00f5iki tellitavaid v\u00e4rve n\u00e4eb <a href=\"https:\/\/mobecor.ee\/toode\/kummut-kn-8044s\/\" target=\"_blank\" rel=\"noopener\">SIIT<\/a>.<\/p>\n","protected":false},"excerpt":{"rendered":"<p>Kummutil on 4 sahtlit. Materjal: kvaliteetne ja vastupidav melamiinkattega laminaat. V\u00e4rv: tamm kuldne. Toode tarnitakse detailidena. Toodetud: Poolas. Laius: 81&#8230;<\/p>\n","protected":false},"featured_media":105337,"template":"","meta":{"_acf_changed":false,"inline_featured_image":false},"series":[],"product_brand":[2927],"product_cat":[36,2928],"product_tag":[],"class_list":{"0":"post-16789","1":"product","2":"type-product","3":"status-publish","4":"has-post-thumbnail","6":"product_brand-meblocross","7":"product_cat-kummutid","8":"product_cat-kummutid-ja-kapid-laos","10":"first","11":"instock","12":"sale","13":"taxable","14":"shipping-taxable","15":"purchasable","16":"product-type-simple"},"acf":[],"_links":{"self":[{"href":"https:\/\/mobecor.ee\/en\/wp-json\/wp\/v2\/product\/16789","targetHints":{"allow":["GET"]}}],"collection":[{"href":"https:\/\/mobecor.ee\/en\/wp-json\/wp\/v2\/product"}],"about":[{"href":"https:\/\/mobecor.ee\/en\/wp-json\/wp\/v2\/types\/product"}],"wp:featuredmedia":[{"embeddable":true,"href":"https:\/\/mobecor.ee\/en\/wp-json\/wp\/v2\/media\/105337"}],"wp:attachment":[{"href":"https:\/\/mobecor.ee\/en\/wp-json\/wp\/v2\/media?parent=16789"}],"wp:term":[{"taxonomy":"series","embeddable":true,"href":"https:\/\/mobecor.ee\/en\/wp-json\/wp\/v2\/series?post=16789"},{"taxonomy":"product_brand","embeddable":true,"href":"https:\/\/mobecor.ee\/en\/wp-json\/wp\/v2\/product_brand?post=16789"},{"taxonomy":"product_cat","embeddable":true,"href":"https:\/\/mobecor.ee\/en\/wp-json\/wp\/v2\/product_cat?post=16789"},{"taxonomy":"product_tag","embeddable":true,"href":"https:\/\/mobecor.ee\/en\/wp-json\/wp\/v2\/product_tag?post=16789"}],"curies":[{"name":"wp","href":"https:\/\/api.w.org\/{rel}","templated":true}]}}