{"id":16802,"date":"2025-05-05T08:28:55","date_gmt":"2025-05-05T08:28:55","guid":{"rendered":"https:\/\/mobecor.ee\/?post_type=product&#038;p=16802"},"modified":"2026-02-11T15:12:10","modified_gmt":"2026-02-11T13:12:10","slug":"esikukapp-blanco-19-laos","status":"publish","type":"product","link":"https:\/\/mobecor.ee\/en\/toode\/esikukapp-blanco-19-laos\/","title":{"rendered":"Esikukapp Blanco 19 (55\/42\/202)\/LAOS KOHE OLEMAS"},"content":{"rendered":"<p>Kapil on \u00fcks uks. Kokkupanekul v\u00f5imalik valida ukse avanemise poolt (paremale v\u00f5i vasakule).<br \/>\nUkse taga on riidepuutoru ja 3 vaheriiulit.<br \/>\nMaterjal: kvaliteetne\u00a0lamineeritud m\u00f6\u00f6bliplaat, servad ABS, k\u00e4epide MDF.<br \/>\nV\u00e4rv: valge m\u00e4nd\/hall.<br \/>\nToode tarnitakse detailidena.<br \/>\nToodetud: Poolas.<\/p>\n","protected":false},"excerpt":{"rendered":"<p>Laius: 55 cm<br \/>\nS\u00fcgavus: 42 cm.<br \/>\nK\u00f5rgus: 202 cm.<br \/>\nKaal: 44,5 kg.<br \/>\nTarneaeg: laos kohe olemas.<br \/>\nK\u00f5iki tooteid sarjast Blanco n\u00e4eb <a href=\"elutuba\/tootesarjad\/blanco\" target=\"_blank\" rel=\"noopener\">SIIT<\/a>.<\/p>\n","protected":false},"featured_media":5560,"template":"","meta":{"_acf_changed":false,"inline_featured_image":false},"series":[2729],"product_brand":[],"product_cat":[82],"product_tag":[],"class_list":{"0":"post-16802","1":"product","2":"type-product","3":"status-publish","4":"has-post-thumbnail","6":"series-blanco","7":"product_cat-esikukapid","9":"first","10":"instock","11":"sale","12":"taxable","13":"shipping-taxable","14":"purchasable","15":"product-type-simple"},"acf":[],"_links":{"self":[{"href":"https:\/\/mobecor.ee\/en\/wp-json\/wp\/v2\/product\/16802","targetHints":{"allow":["GET"]}}],"collection":[{"href":"https:\/\/mobecor.ee\/en\/wp-json\/wp\/v2\/product"}],"about":[{"href":"https:\/\/mobecor.ee\/en\/wp-json\/wp\/v2\/types\/product"}],"wp:featuredmedia":[{"embeddable":true,"href":"https:\/\/mobecor.ee\/en\/wp-json\/wp\/v2\/media\/5560"}],"wp:attachment":[{"href":"https:\/\/mobecor.ee\/en\/wp-json\/wp\/v2\/media?parent=16802"}],"wp:term":[{"taxonomy":"series","embeddable":true,"href":"https:\/\/mobecor.ee\/en\/wp-json\/wp\/v2\/series?post=16802"},{"taxonomy":"product_brand","embeddable":true,"href":"https:\/\/mobecor.ee\/en\/wp-json\/wp\/v2\/product_brand?post=16802"},{"taxonomy":"product_cat","embeddable":true,"href":"https:\/\/mobecor.ee\/en\/wp-json\/wp\/v2\/product_cat?post=16802"},{"taxonomy":"product_tag","embeddable":true,"href":"https:\/\/mobecor.ee\/en\/wp-json\/wp\/v2\/product_tag?post=16802"}],"curies":[{"name":"wp","href":"https:\/\/api.w.org\/{rel}","templated":true}]}}