{"id":16820,"date":"2025-05-05T08:29:07","date_gmt":"2025-05-05T08:29:07","guid":{"rendered":"https:\/\/mobecor.ee\/?post_type=product&#038;p=16820"},"modified":"2026-02-10T09:49:33","modified_gmt":"2026-02-10T07:49:33","slug":"tool-hugo-6","status":"publish","type":"product","link":"https:\/\/mobecor.ee\/en\/toode\/tool-hugo-6\/","title":{"rendered":"Tool Hugo 6"},"content":{"rendered":"<p>Tooli karkass on valmistatud\u00a0t\u00e4ispuidust (p\u00f6\u00f6k).<br \/>\nTooli seljatugi on vineerist.<br \/>\nKangaga kaetud iste on pehme polsterdusega.<br \/>\nLai v\u00e4rvi- ja kangavalik.<br \/>\nTooli karkassi v\u00e4rvid: p\u00e4hkel; p\u00e4hkel hele; valge; grandson; must; ka\u0161miir; artisan.<span style=\"font-size: 14px; line-height: 1.3em;\"><br \/>\n<\/span><\/p>\n","protected":false},"excerpt":{"rendered":"<p>Laius: 47 cm.<br \/>\nS\u00fcgavus: 40 cm.<br \/>\nK\u00f5rgus: 85 cm.<br \/>\nIstumisk\u00f5rgus: 47 cm.<br \/>\nTarneaeg: 4-8 n\u00e4dalat.<\/p>\n","protected":false},"featured_media":106751,"template":"","meta":{"_acf_changed":false,"inline_featured_image":false},"series":[],"product_brand":[2956],"product_cat":[51],"product_tag":[],"class_list":{"0":"post-16820","1":"product","2":"type-product","3":"status-publish","4":"has-post-thumbnail","6":"product_brand-drewmix","7":"product_cat-toolid","9":"first","10":"instock","11":"taxable","12":"shipping-taxable","13":"purchasable","14":"product-type-simple"},"acf":[],"_links":{"self":[{"href":"https:\/\/mobecor.ee\/en\/wp-json\/wp\/v2\/product\/16820","targetHints":{"allow":["GET"]}}],"collection":[{"href":"https:\/\/mobecor.ee\/en\/wp-json\/wp\/v2\/product"}],"about":[{"href":"https:\/\/mobecor.ee\/en\/wp-json\/wp\/v2\/types\/product"}],"wp:featuredmedia":[{"embeddable":true,"href":"https:\/\/mobecor.ee\/en\/wp-json\/wp\/v2\/media\/106751"}],"wp:attachment":[{"href":"https:\/\/mobecor.ee\/en\/wp-json\/wp\/v2\/media?parent=16820"}],"wp:term":[{"taxonomy":"series","embeddable":true,"href":"https:\/\/mobecor.ee\/en\/wp-json\/wp\/v2\/series?post=16820"},{"taxonomy":"product_brand","embeddable":true,"href":"https:\/\/mobecor.ee\/en\/wp-json\/wp\/v2\/product_brand?post=16820"},{"taxonomy":"product_cat","embeddable":true,"href":"https:\/\/mobecor.ee\/en\/wp-json\/wp\/v2\/product_cat?post=16820"},{"taxonomy":"product_tag","embeddable":true,"href":"https:\/\/mobecor.ee\/en\/wp-json\/wp\/v2\/product_tag?post=16820"}],"curies":[{"name":"wp","href":"https:\/\/api.w.org\/{rel}","templated":true}]}}