{"id":16823,"date":"2025-05-05T08:29:08","date_gmt":"2025-05-05T08:29:08","guid":{"rendered":"https:\/\/mobecor.ee\/?post_type=product&#038;p=16823"},"modified":"2025-09-11T16:38:53","modified_gmt":"2025-09-11T13:38:53","slug":"taburet-t5","status":"publish","type":"product","link":"https:\/\/mobecor.ee\/en\/toode\/taburet-t5\/","title":{"rendered":"Taburet T5"},"content":{"rendered":"<p><span style=\"font-size: 14px;\"><span style=\"line-height: 1.3em;\">Taburet on valmistatud t\u00e4ispuidust (p\u00f6\u00f6k).<br \/>\n<\/span>Kangaga kaetud iste on pehme polsterdusega.<\/span><br \/>\n<span style=\"font-size: 14px; line-height: 1.3em;\">Lai v\u00e4rvi- ja kangavalik.<\/span><br \/>\n<span style=\"font-size: 14px; line-height: 1.3em;\">Puidu v\u00e4rvid: p\u00e4hkel; p\u00e4hkel hele; valge; sonoma; grafiit; grandson; must.<br \/>\n<\/span><\/p>\n","protected":false},"excerpt":{"rendered":"<p><span style=\"font-size: 14px; line-height: 1.3em;\">Laius: 36 cm.<br \/>\nS\u00fcgavus: 36 cm.<br \/>\nK\u00f5rgus: 47 cm.<br \/>\nTarneaeg: 4-8 n\u00e4dalat<\/span><\/p>\n","protected":false},"featured_media":16238,"template":"","meta":{"_acf_changed":false,"inline_featured_image":false},"series":[],"product_brand":[2956],"product_cat":[51],"product_tag":[],"class_list":{"0":"post-16823","1":"product","2":"type-product","3":"status-publish","4":"has-post-thumbnail","6":"product_brand-drewmix","7":"product_cat-toolid","9":"first","10":"instock","11":"taxable","12":"shipping-taxable","13":"purchasable","14":"product-type-simple"},"acf":[],"_links":{"self":[{"href":"https:\/\/mobecor.ee\/en\/wp-json\/wp\/v2\/product\/16823","targetHints":{"allow":["GET"]}}],"collection":[{"href":"https:\/\/mobecor.ee\/en\/wp-json\/wp\/v2\/product"}],"about":[{"href":"https:\/\/mobecor.ee\/en\/wp-json\/wp\/v2\/types\/product"}],"wp:featuredmedia":[{"embeddable":true,"href":"https:\/\/mobecor.ee\/en\/wp-json\/wp\/v2\/media\/16238"}],"wp:attachment":[{"href":"https:\/\/mobecor.ee\/en\/wp-json\/wp\/v2\/media?parent=16823"}],"wp:term":[{"taxonomy":"series","embeddable":true,"href":"https:\/\/mobecor.ee\/en\/wp-json\/wp\/v2\/series?post=16823"},{"taxonomy":"product_brand","embeddable":true,"href":"https:\/\/mobecor.ee\/en\/wp-json\/wp\/v2\/product_brand?post=16823"},{"taxonomy":"product_cat","embeddable":true,"href":"https:\/\/mobecor.ee\/en\/wp-json\/wp\/v2\/product_cat?post=16823"},{"taxonomy":"product_tag","embeddable":true,"href":"https:\/\/mobecor.ee\/en\/wp-json\/wp\/v2\/product_tag?post=16823"}],"curies":[{"name":"wp","href":"https:\/\/api.w.org\/{rel}","templated":true}]}}