{"id":16830,"date":"2025-05-05T08:29:10","date_gmt":"2025-05-05T08:29:10","guid":{"rendered":"https:\/\/mobecor.ee\/?post_type=product&#038;p=16830"},"modified":"2026-02-26T16:04:12","modified_gmt":"2026-02-26T14:04:12","slug":"pikendatav-laud-ikon-8","status":"publish","type":"product","link":"https:\/\/mobecor.ee\/en\/toode\/pikendatav-laud-ikon-8\/","title":{"rendered":"Pikendatav s\u00f6\u00f6gilaud Ikon 8 (100*100\/180)"},"content":{"rendered":"<p>Lauaplaat on valmistatud kvaliteetsest lamineeritud m\u00f6\u00f6bliplaadist.<br \/>\nLauajalad: metallist.<br \/>\nLauaplaadi v\u00e4rvivalik: p\u00e4hkel; valge; sonoma; grandson; artisan; ka\u0161miir.<br \/>\nJalgade v\u00e4rv: must.<br \/>\nToodetud: Poolas.<br \/>\nToode tarnitakse detailidena.<\/p>\n","protected":false},"excerpt":{"rendered":"<p>Laius: 100\/140\/180 cm (2 vaheplaati a&#8217; 40 cm).<br \/>\nS\u00fcgavus: 100 cm.<br \/>\nK\u00f5rgus: 79 cm.<br \/>\nLauaplaadi paksus: 32 mm.<br \/>\nTarneaeg: 4-8 n\u00e4dalat.<br \/>\nNB! Toolid ei kuulu komplekti.<\/p>\n","protected":false},"featured_media":108316,"template":"","meta":{"_acf_changed":false,"inline_featured_image":false},"series":[],"product_brand":[2956],"product_cat":[219],"product_tag":[],"class_list":{"0":"post-16830","1":"product","2":"type-product","3":"status-publish","4":"has-post-thumbnail","6":"product_brand-drewmix","7":"product_cat-soogilauad","9":"first","10":"instock","11":"taxable","12":"shipping-taxable","13":"purchasable","14":"product-type-simple"},"acf":[],"_links":{"self":[{"href":"https:\/\/mobecor.ee\/en\/wp-json\/wp\/v2\/product\/16830","targetHints":{"allow":["GET"]}}],"collection":[{"href":"https:\/\/mobecor.ee\/en\/wp-json\/wp\/v2\/product"}],"about":[{"href":"https:\/\/mobecor.ee\/en\/wp-json\/wp\/v2\/types\/product"}],"wp:featuredmedia":[{"embeddable":true,"href":"https:\/\/mobecor.ee\/en\/wp-json\/wp\/v2\/media\/108316"}],"wp:attachment":[{"href":"https:\/\/mobecor.ee\/en\/wp-json\/wp\/v2\/media?parent=16830"}],"wp:term":[{"taxonomy":"series","embeddable":true,"href":"https:\/\/mobecor.ee\/en\/wp-json\/wp\/v2\/series?post=16830"},{"taxonomy":"product_brand","embeddable":true,"href":"https:\/\/mobecor.ee\/en\/wp-json\/wp\/v2\/product_brand?post=16830"},{"taxonomy":"product_cat","embeddable":true,"href":"https:\/\/mobecor.ee\/en\/wp-json\/wp\/v2\/product_cat?post=16830"},{"taxonomy":"product_tag","embeddable":true,"href":"https:\/\/mobecor.ee\/en\/wp-json\/wp\/v2\/product_tag?post=16830"}],"curies":[{"name":"wp","href":"https:\/\/api.w.org\/{rel}","templated":true}]}}