{"id":16832,"date":"2025-05-05T08:29:10","date_gmt":"2025-05-05T08:29:10","guid":{"rendered":"https:\/\/mobecor.ee\/?post_type=product&#038;p=16832"},"modified":"2026-04-07T14:25:36","modified_gmt":"2026-04-07T11:25:36","slug":"nurgadiivanvoodi-otis-l","status":"publish","type":"product","link":"https:\/\/mobecor.ee\/en\/toode\/nurgadiivanvoodi-otis-l\/","title":{"rendered":"Nurgadiivanvoodi Otis L (276\/218)"},"content":{"rendered":"<p><span style=\"font-size: 14px;\">Nurgadiivanvoodil on sik-sak vedrustus.<br \/>\n<\/span><span style=\"font-size: 14px;\">Peatoed on reguleeritavad.<br \/>\n<\/span><span style=\"font-size: 14px;\">V\u00e4ljaulatuva osa (nurga) all on pesukast.<br \/>\n<\/span><span style=\"font-size: 14px;\">Magamiseks avaneb lihtsalt\u00a0ja sobib igap\u00e4evaseks magamiseks.<br \/>\n<\/span><span style=\"font-size: 14px;\">Toodetud: Poolas.<br \/>\nNB! Hind kehtib I grupi kangastega (piltidel I grupi kangad).<br \/>\nSuuremat kangavalikut on v\u00f5imalik n\u00e4ha Mobecori m\u00f6\u00f6blipoodides V\u00f5rus ja Tartus.<br \/>\n<span id=\"cloak08936a35fccbbb4ee8bc8b11fc3bee87\"><span id=\"cloak7e214a682cb8c5058fb170c61c0e0b7f\"><\/span><\/span><\/span><\/p>\n","protected":false},"excerpt":{"rendered":"<p><span style=\"font-size: 14px;\">Laius: 276 cm.<br \/>\n<\/span><span style=\"font-size: 14px;\">S\u00fcgavus: 102\/218 cm.<br \/>\n<\/span><span style=\"font-size: 14px;\">K\u00f5rgus: 77\/97 cm.<br \/>\n<\/span><span style=\"font-size: 14px;\">Istumisk\u00f5rgus: 47 cm.<br \/>\n<\/span><span style=\"font-size: 14px;\">Magamisosa : 131 x 207 cm.<br \/>\n<\/span><span style=\"font-size: 14px;\">Pesukast: 13 x 91 x 171 cm.<br \/>\n<\/span><span style=\"font-size: 14px;\">Jalad: metallist, k\u00f5rgus: 14 cm.<br \/>\n<\/span><span style=\"font-size: 14px;\">Tarneaeg: 10-16 n\u00e4dalat.<\/span><\/p>\n","protected":false},"featured_media":16256,"template":"","meta":{"_acf_changed":false,"inline_featured_image":false},"series":[],"product_brand":[2955],"product_cat":[213],"product_tag":[],"class_list":{"0":"post-16832","1":"product","2":"type-product","3":"status-publish","4":"has-post-thumbnail","6":"product_brand-wersal","7":"product_cat-nurgadiivanid","9":"first","10":"instock","11":"taxable","12":"shipping-taxable","13":"purchasable","14":"product-type-simple"},"acf":[],"_links":{"self":[{"href":"https:\/\/mobecor.ee\/en\/wp-json\/wp\/v2\/product\/16832","targetHints":{"allow":["GET"]}}],"collection":[{"href":"https:\/\/mobecor.ee\/en\/wp-json\/wp\/v2\/product"}],"about":[{"href":"https:\/\/mobecor.ee\/en\/wp-json\/wp\/v2\/types\/product"}],"wp:featuredmedia":[{"embeddable":true,"href":"https:\/\/mobecor.ee\/en\/wp-json\/wp\/v2\/media\/16256"}],"wp:attachment":[{"href":"https:\/\/mobecor.ee\/en\/wp-json\/wp\/v2\/media?parent=16832"}],"wp:term":[{"taxonomy":"series","embeddable":true,"href":"https:\/\/mobecor.ee\/en\/wp-json\/wp\/v2\/series?post=16832"},{"taxonomy":"product_brand","embeddable":true,"href":"https:\/\/mobecor.ee\/en\/wp-json\/wp\/v2\/product_brand?post=16832"},{"taxonomy":"product_cat","embeddable":true,"href":"https:\/\/mobecor.ee\/en\/wp-json\/wp\/v2\/product_cat?post=16832"},{"taxonomy":"product_tag","embeddable":true,"href":"https:\/\/mobecor.ee\/en\/wp-json\/wp\/v2\/product_tag?post=16832"}],"curies":[{"name":"wp","href":"https:\/\/api.w.org\/{rel}","templated":true}]}}