{"id":16833,"date":"2025-05-05T08:29:11","date_gmt":"2025-05-05T08:29:11","guid":{"rendered":"https:\/\/mobecor.ee\/?post_type=product&#038;p=16833"},"modified":"2026-04-07T14:39:06","modified_gmt":"2026-04-07T11:39:06","slug":"nurgadiivanvoodi-empoli-l","status":"publish","type":"product","link":"https:\/\/mobecor.ee\/en\/toode\/nurgadiivanvoodi-empoli-l\/","title":{"rendered":"Nurgadiivanvoodi Empoli L (289\/218)"},"content":{"rendered":"<p>Nurgadiivanvoodil on sik-sak vedrustus.<br \/>\nPeatoed ja istme s\u00fcgavus on reguleeritavad.<br \/>\nV\u00e4ljaulatuva osa (nurga) all on pesukast.<br \/>\nMagamiseks avaneb lihtsalt\u00a0ja sobib igap\u00e4evaseks magamiseks.<br \/>\nToodetud: Poolas.<br \/>\nNB! Hind kehtib I grupi kangastega (piltidel I grupi kangad).<br \/>\nSuuremat kangavalikut on v\u00f5imalik n\u00e4ha Mobecori m\u00f6\u00f6blipoes V\u00f5rus.<span style=\"font-size: 14px;\"><br \/>\n<\/span><\/p>\n","protected":false},"excerpt":{"rendered":"<p>Laius: 289 cm.<br \/>\nS\u00fcgavus: 111\/218 cm.<br \/>\nK\u00f5rgus: 77\/94 cm.<br \/>\nIstumisk\u00f5rgus: 46 cm.<br \/>\nMagamisosa : 140 x 220 cm.<br \/>\nPesukast: 15 x 84 x 113 cm.<br \/>\nJalad: metallist, k\u00f5rgus: 14 cm.<br \/>\nTarneaeg: 10-16 n\u00e4dalat.<\/p>\n","protected":false},"featured_media":16258,"template":"","meta":{"_acf_changed":false,"inline_featured_image":false},"series":[],"product_brand":[2955],"product_cat":[213],"product_tag":[],"class_list":{"0":"post-16833","1":"product","2":"type-product","3":"status-publish","4":"has-post-thumbnail","6":"product_brand-wersal","7":"product_cat-nurgadiivanid","9":"first","10":"instock","11":"taxable","12":"shipping-taxable","13":"purchasable","14":"product-type-simple"},"acf":[],"_links":{"self":[{"href":"https:\/\/mobecor.ee\/en\/wp-json\/wp\/v2\/product\/16833","targetHints":{"allow":["GET"]}}],"collection":[{"href":"https:\/\/mobecor.ee\/en\/wp-json\/wp\/v2\/product"}],"about":[{"href":"https:\/\/mobecor.ee\/en\/wp-json\/wp\/v2\/types\/product"}],"wp:featuredmedia":[{"embeddable":true,"href":"https:\/\/mobecor.ee\/en\/wp-json\/wp\/v2\/media\/16258"}],"wp:attachment":[{"href":"https:\/\/mobecor.ee\/en\/wp-json\/wp\/v2\/media?parent=16833"}],"wp:term":[{"taxonomy":"series","embeddable":true,"href":"https:\/\/mobecor.ee\/en\/wp-json\/wp\/v2\/series?post=16833"},{"taxonomy":"product_brand","embeddable":true,"href":"https:\/\/mobecor.ee\/en\/wp-json\/wp\/v2\/product_brand?post=16833"},{"taxonomy":"product_cat","embeddable":true,"href":"https:\/\/mobecor.ee\/en\/wp-json\/wp\/v2\/product_cat?post=16833"},{"taxonomy":"product_tag","embeddable":true,"href":"https:\/\/mobecor.ee\/en\/wp-json\/wp\/v2\/product_tag?post=16833"}],"curies":[{"name":"wp","href":"https:\/\/api.w.org\/{rel}","templated":true}]}}