{"id":16848,"date":"2025-05-05T08:29:18","date_gmt":"2025-05-05T08:29:18","guid":{"rendered":"https:\/\/mobecor.ee\/?post_type=product&#038;p=16848"},"modified":"2026-04-07T14:37:56","modified_gmt":"2026-04-07T11:37:56","slug":"nurgadiivanvoodi-mateo-s","status":"publish","type":"product","link":"https:\/\/mobecor.ee\/en\/toode\/nurgadiivanvoodi-mateo-s\/","title":{"rendered":"Nurgadiivanvoodi Mateo S (273\/183)"},"content":{"rendered":"<p>Nurgadiivanvoodil on sik-sak vedrustus.<br \/>\nV\u00e4ljaulatuva osa all on pesukast.<br \/>\nIstme s\u00fcgavus on elektriliselt reguleeritav.<br \/>\nPeatoed on reguleeritavad.<br \/>\nToodetud: Poolas.<br \/>\nNB! Hind kehtib I grupi kangastega (piltidel I grupi kangad).<br \/>\nSuuremat kangavalikut on v\u00f5imalik n\u00e4ha Mobecori m\u00f6\u00f6blipoes V\u00f5rus.<span style=\"font-size: 14px;\"><br \/>\n<\/span><\/p>\n","protected":false},"excerpt":{"rendered":"<p>Laius: 273 cm.<br \/>\nS\u00fcgavus: 110\/183 cm.<br \/>\nK\u00f5rgus: 86\/99 cm.<br \/>\nIstumisk\u00f5rgus: 45 cm.<br \/>\nJala k\u00f5rgus: 5 cm.<br \/>\nMagamiskoha m\u00f5\u00f5dud: 120 x 226 cm.<br \/>\nPesukasti m\u00f5\u00f5dud: 17 x 74 x 165 cm.<br \/>\nTarneaeg: 10-16 n\u00e4dalat.<\/p>\n","protected":false},"featured_media":16288,"template":"","meta":{"_acf_changed":false,"inline_featured_image":false},"series":[],"product_brand":[2955],"product_cat":[213],"product_tag":[],"class_list":{"0":"post-16848","1":"product","2":"type-product","3":"status-publish","4":"has-post-thumbnail","6":"product_brand-wersal","7":"product_cat-nurgadiivanid","9":"first","10":"instock","11":"taxable","12":"shipping-taxable","13":"purchasable","14":"product-type-simple"},"acf":[],"_links":{"self":[{"href":"https:\/\/mobecor.ee\/en\/wp-json\/wp\/v2\/product\/16848","targetHints":{"allow":["GET"]}}],"collection":[{"href":"https:\/\/mobecor.ee\/en\/wp-json\/wp\/v2\/product"}],"about":[{"href":"https:\/\/mobecor.ee\/en\/wp-json\/wp\/v2\/types\/product"}],"wp:featuredmedia":[{"embeddable":true,"href":"https:\/\/mobecor.ee\/en\/wp-json\/wp\/v2\/media\/16288"}],"wp:attachment":[{"href":"https:\/\/mobecor.ee\/en\/wp-json\/wp\/v2\/media?parent=16848"}],"wp:term":[{"taxonomy":"series","embeddable":true,"href":"https:\/\/mobecor.ee\/en\/wp-json\/wp\/v2\/series?post=16848"},{"taxonomy":"product_brand","embeddable":true,"href":"https:\/\/mobecor.ee\/en\/wp-json\/wp\/v2\/product_brand?post=16848"},{"taxonomy":"product_cat","embeddable":true,"href":"https:\/\/mobecor.ee\/en\/wp-json\/wp\/v2\/product_cat?post=16848"},{"taxonomy":"product_tag","embeddable":true,"href":"https:\/\/mobecor.ee\/en\/wp-json\/wp\/v2\/product_tag?post=16848"}],"curies":[{"name":"wp","href":"https:\/\/api.w.org\/{rel}","templated":true}]}}