{"id":16852,"date":"2025-05-05T08:29:19","date_gmt":"2025-05-05T08:29:19","guid":{"rendered":"https:\/\/mobecor.ee\/?post_type=product&#038;p=16852"},"modified":"2026-02-20T18:53:59","modified_gmt":"2026-02-20T16:53:59","slug":"tugitool-lotte","status":"publish","type":"product","link":"https:\/\/mobecor.ee\/en\/toode\/tugitool-lotte\/","title":{"rendered":"Tugitool Lotte (71\/65\/103)"},"content":{"rendered":"<p>Tugitool Lotte on suurep\u00e4rane valik nii modernsesse kodusse kui ka klassikalisse interj\u00f6\u00f6ri.<br \/>\nTugitoolil on k\u00f5rge seljatugi ja padi kaela toetamiseks.<br \/>\nTugitooli karkass ja jalad on valmistatud puidust.<br \/>\nTugitooli iste ja seljatugi on kaetud kangaga, pehmenduseks poroloon.<br \/>\nSuuremat kanga ja puidu valikut saab n\u00e4ha Mobecori V\u00f5ru ja Tartu poes.<\/p>\n","protected":false},"excerpt":{"rendered":"<p>Laius: 71 cm.<br \/>\nS\u00fcgavus: 65 cm.<br \/>\nK\u00f5rgus: 103 cm.<br \/>\nIstumisk\u00f5rgus: 45 cm.<br \/>\nJala k\u00f5rgus: 17 cm.<br \/>\nToodetud: Eestis.<br \/>\nTarneaeg: kuni 6 n\u00e4dalat.<\/p>\n","protected":false},"featured_media":76018,"template":"","meta":{"_acf_changed":false,"inline_featured_image":false},"series":[],"product_brand":[3021],"product_cat":[285],"product_tag":[],"class_list":{"0":"post-16852","1":"product","2":"type-product","3":"status-publish","4":"has-post-thumbnail","6":"product_brand-perepuit","7":"product_cat-tugitoolid","9":"first","10":"instock","11":"sale","12":"taxable","13":"shipping-taxable","14":"purchasable","15":"product-type-simple"},"acf":[],"_links":{"self":[{"href":"https:\/\/mobecor.ee\/en\/wp-json\/wp\/v2\/product\/16852","targetHints":{"allow":["GET"]}}],"collection":[{"href":"https:\/\/mobecor.ee\/en\/wp-json\/wp\/v2\/product"}],"about":[{"href":"https:\/\/mobecor.ee\/en\/wp-json\/wp\/v2\/types\/product"}],"wp:featuredmedia":[{"embeddable":true,"href":"https:\/\/mobecor.ee\/en\/wp-json\/wp\/v2\/media\/76018"}],"wp:attachment":[{"href":"https:\/\/mobecor.ee\/en\/wp-json\/wp\/v2\/media?parent=16852"}],"wp:term":[{"taxonomy":"series","embeddable":true,"href":"https:\/\/mobecor.ee\/en\/wp-json\/wp\/v2\/series?post=16852"},{"taxonomy":"product_brand","embeddable":true,"href":"https:\/\/mobecor.ee\/en\/wp-json\/wp\/v2\/product_brand?post=16852"},{"taxonomy":"product_cat","embeddable":true,"href":"https:\/\/mobecor.ee\/en\/wp-json\/wp\/v2\/product_cat?post=16852"},{"taxonomy":"product_tag","embeddable":true,"href":"https:\/\/mobecor.ee\/en\/wp-json\/wp\/v2\/product_tag?post=16852"}],"curies":[{"name":"wp","href":"https:\/\/api.w.org\/{rel}","templated":true}]}}