{"id":16853,"date":"2025-05-05T08:29:19","date_gmt":"2025-05-05T08:29:19","guid":{"rendered":"https:\/\/mobecor.ee\/?post_type=product&#038;p=16853"},"modified":"2026-02-20T18:53:27","modified_gmt":"2026-02-20T16:53:27","slug":"tugitool-viivi","status":"publish","type":"product","link":"https:\/\/mobecor.ee\/en\/toode\/tugitool-viivi\/","title":{"rendered":"Tugitool Viivi (65\/83\/103)"},"content":{"rendered":"<p><span style=\"font-size: 14px; line-height: 1.3em;\">Tugitool Viivi on suurep\u00e4rane valik nii modernsesse kodusse kui ka klassikalisse interj\u00f6\u00f6ri.<br \/>\nTugitoolil on k\u00f5rge seljatugi ja padi kaela toetamiseks.<br \/>\nTugitooli karkass, k\u00e4etoed ja jalad on valmistatud puidust.<br \/>\nTugitooli iste ja seljatugi on kaetud kangaga, pehmenduseks poroloon.<br \/>\n<\/span><span style=\"font-size: 14px; line-height: 1.3em;\">Suuremat kanga ja puidu valikut saab n\u00e4ha Mobecori V\u00f5ru ja Tartu poes.<br \/>\n<\/span><\/p>\n","protected":false},"excerpt":{"rendered":"<p><span style=\"font-size: 14px; line-height: 1.3em;\">Laius: 65 cm.<br \/>\nS\u00fcgavus: 83 cm.<br \/>\nK\u00f5rgus: 102 cm.<br \/>\nIstumisk\u00f5rgus: 45 cm.<br \/>\nJala k\u00f5rgus: 12 cm.<br \/>\nToodetud: Eestis.<br \/>\nTarneaeg: kuni 6 n\u00e4dalat.<\/span><\/p>\n","protected":false},"featured_media":76006,"template":"","meta":{"_acf_changed":false,"inline_featured_image":false},"series":[],"product_brand":[3021],"product_cat":[285],"product_tag":[],"class_list":{"0":"post-16853","1":"product","2":"type-product","3":"status-publish","4":"has-post-thumbnail","6":"product_brand-perepuit","7":"product_cat-tugitoolid","9":"first","10":"instock","11":"sale","12":"taxable","13":"shipping-taxable","14":"purchasable","15":"product-type-simple"},"acf":[],"_links":{"self":[{"href":"https:\/\/mobecor.ee\/en\/wp-json\/wp\/v2\/product\/16853","targetHints":{"allow":["GET"]}}],"collection":[{"href":"https:\/\/mobecor.ee\/en\/wp-json\/wp\/v2\/product"}],"about":[{"href":"https:\/\/mobecor.ee\/en\/wp-json\/wp\/v2\/types\/product"}],"wp:featuredmedia":[{"embeddable":true,"href":"https:\/\/mobecor.ee\/en\/wp-json\/wp\/v2\/media\/76006"}],"wp:attachment":[{"href":"https:\/\/mobecor.ee\/en\/wp-json\/wp\/v2\/media?parent=16853"}],"wp:term":[{"taxonomy":"series","embeddable":true,"href":"https:\/\/mobecor.ee\/en\/wp-json\/wp\/v2\/series?post=16853"},{"taxonomy":"product_brand","embeddable":true,"href":"https:\/\/mobecor.ee\/en\/wp-json\/wp\/v2\/product_brand?post=16853"},{"taxonomy":"product_cat","embeddable":true,"href":"https:\/\/mobecor.ee\/en\/wp-json\/wp\/v2\/product_cat?post=16853"},{"taxonomy":"product_tag","embeddable":true,"href":"https:\/\/mobecor.ee\/en\/wp-json\/wp\/v2\/product_tag?post=16853"}],"curies":[{"name":"wp","href":"https:\/\/api.w.org\/{rel}","templated":true}]}}