{"id":16857,"date":"2025-05-05T08:29:24","date_gmt":"2025-05-05T08:29:24","guid":{"rendered":"https:\/\/mobecor.ee\/?post_type=product&#038;p=16857"},"modified":"2026-01-09T07:51:23","modified_gmt":"2026-01-09T05:51:23","slug":"tootool-helder-2","status":"publish","type":"product","link":"https:\/\/mobecor.ee\/en\/toode\/tootool-helder-2\/","title":{"rendered":"T\u00f6\u00f6tool Helder 2"},"content":{"rendered":"<p>Toolil on reguleeritava k\u00f5rgusega iste.<br \/>\nTooli iste, seljatugi ja k\u00e4etoed on kaetud halli v\u00e4rvi kangaga.<br \/>\nPehmenduseks on poroloon.<br \/>\nMehhanism: tilt.<br \/>\nJalarist: metallist.<br \/>\nToodetud: Poolas.<br \/>\nVajab kokku monteerimist.<span style=\"line-height: 1.3em; font-size: 10pt;\"><br \/>\n<\/span><\/p>\n","protected":false},"excerpt":{"rendered":"<p>Laius: 66 cm.<br \/>\nS\u00fcgavus: 71 cm.<br \/>\nK\u00f5rgus: 113-120 cm.<br \/>\nIstumisk\u00f5rgus: 49-56 cm.<br \/>\nMaksimaalne kandev\u00f5ime: 120 kg.<br \/>\nTarneaeg: 4-8 n\u00e4dalat.<\/p>\n","protected":false},"featured_media":16306,"template":"","meta":{"_acf_changed":false,"inline_featured_image":false},"series":[],"product_brand":[2942],"product_cat":[95],"product_tag":[],"class_list":{"0":"post-16857","1":"product","2":"type-product","3":"status-publish","4":"has-post-thumbnail","6":"product_brand-halmar","7":"product_cat-tootoolid","9":"first","10":"instock","11":"taxable","12":"shipping-taxable","13":"purchasable","14":"product-type-simple"},"acf":[],"_links":{"self":[{"href":"https:\/\/mobecor.ee\/en\/wp-json\/wp\/v2\/product\/16857","targetHints":{"allow":["GET"]}}],"collection":[{"href":"https:\/\/mobecor.ee\/en\/wp-json\/wp\/v2\/product"}],"about":[{"href":"https:\/\/mobecor.ee\/en\/wp-json\/wp\/v2\/types\/product"}],"wp:featuredmedia":[{"embeddable":true,"href":"https:\/\/mobecor.ee\/en\/wp-json\/wp\/v2\/media\/16306"}],"wp:attachment":[{"href":"https:\/\/mobecor.ee\/en\/wp-json\/wp\/v2\/media?parent=16857"}],"wp:term":[{"taxonomy":"series","embeddable":true,"href":"https:\/\/mobecor.ee\/en\/wp-json\/wp\/v2\/series?post=16857"},{"taxonomy":"product_brand","embeddable":true,"href":"https:\/\/mobecor.ee\/en\/wp-json\/wp\/v2\/product_brand?post=16857"},{"taxonomy":"product_cat","embeddable":true,"href":"https:\/\/mobecor.ee\/en\/wp-json\/wp\/v2\/product_cat?post=16857"},{"taxonomy":"product_tag","embeddable":true,"href":"https:\/\/mobecor.ee\/en\/wp-json\/wp\/v2\/product_tag?post=16857"}],"curies":[{"name":"wp","href":"https:\/\/api.w.org\/{rel}","templated":true}]}}