{"id":16895,"date":"2025-05-05T08:29:43","date_gmt":"2025-05-05T08:29:43","guid":{"rendered":"https:\/\/mobecor.ee\/?post_type=product&#038;p=16895"},"modified":"2025-09-22T11:22:15","modified_gmt":"2025-09-22T08:22:15","slug":"vitriin-lazure-12","status":"publish","type":"product","link":"https:\/\/mobecor.ee\/en\/toode\/vitriin-lazure-12\/","title":{"rendered":"Vitriinkapp Lazure 12 (95\/42\/195)"},"content":{"rendered":"<p><span style=\"font-size: 14px;\">Vitriinkapil on 2 klaasiga ust.<br \/>\n<\/span><span style=\"font-size: 14px;\">Uksed on vaikselt sulguvad.<br \/>\n<\/span><span style=\"font-size: 14px;\">Uste taga on 10 riiulit. 4 riiulit on tugevast karastatud klaasist.<br \/>\n<\/span><span style=\"font-size: 14px;\">Komplekti kuulub led valgustus.<br \/>\n<\/span><span style=\"line-height: 1.3em; font-size: 14px;\">Esipinnad: naturaalne tamme spoon.<br \/>\n<\/span><span style=\"line-height: 1.3em; font-size: 14px;\">Korpus: v\u00e4ljas m\u00f6\u00f6bliplaat naturaalses tammespoonis; sees lamineeritud m\u00f6\u00f6bliplaat, freesitud t\u00e4ispuidust serv.<br \/>\n<\/span><span style=\"line-height: 1.3em; font-size: 14px;\">V\u00e4rv: rustikaalne tamm, karamelllakk.<br \/>\n<\/span><span style=\"line-height: 1.3em; font-size: 14px;\">K\u00e4epidemed: metallist, musta v\u00e4rvi.<br \/>\n<\/span><span style=\"line-height: 1.3em; font-size: 14px;\">Jalad: puidust, musta v\u00e4rvi, 18 cm.<br \/>\n<\/span><span style=\"font-size: 14px;\">Toodetud: Poolas.<br \/>\n<\/span><span style=\"line-height: 1.3em; font-size: 14px;\">Toode tarnitakse kokkupanduna (v\u00e4lja arvatud jalad).<br \/>\n<\/span><\/p>\n","protected":false},"excerpt":{"rendered":"<p><span style=\"line-height: 1.3em; font-size: 14px;\">Laius: 95 cm.<br \/>\n<\/span><span style=\"line-height: 1.3em; font-size: 14px;\">S\u00fcgavus: 42 cm.<br \/>\n<\/span><span style=\"line-height: 1.3em; font-size: 14px;\">K\u00f5rgus: 195 cm.<br \/>\n<\/span><span style=\"font-size: 14px;\"><span style=\"line-height: 1.3em;\">Tarneaeg: 4-8 n\u00e4dalat.<\/span><\/span><\/p>\n","protected":false},"featured_media":16188,"template":"","meta":{"_acf_changed":false,"inline_featured_image":false},"series":[2770],"product_brand":[2941],"product_cat":[33],"product_tag":[],"class_list":{"0":"post-16895","1":"product","2":"type-product","3":"status-publish","4":"has-post-thumbnail","6":"series-lazure","7":"product_brand-szynaka","8":"product_cat-vitriinid","10":"first","11":"instock","12":"taxable","13":"shipping-taxable","14":"purchasable","15":"product-type-simple"},"acf":[],"_links":{"self":[{"href":"https:\/\/mobecor.ee\/en\/wp-json\/wp\/v2\/product\/16895","targetHints":{"allow":["GET"]}}],"collection":[{"href":"https:\/\/mobecor.ee\/en\/wp-json\/wp\/v2\/product"}],"about":[{"href":"https:\/\/mobecor.ee\/en\/wp-json\/wp\/v2\/types\/product"}],"wp:featuredmedia":[{"embeddable":true,"href":"https:\/\/mobecor.ee\/en\/wp-json\/wp\/v2\/media\/16188"}],"wp:attachment":[{"href":"https:\/\/mobecor.ee\/en\/wp-json\/wp\/v2\/media?parent=16895"}],"wp:term":[{"taxonomy":"series","embeddable":true,"href":"https:\/\/mobecor.ee\/en\/wp-json\/wp\/v2\/series?post=16895"},{"taxonomy":"product_brand","embeddable":true,"href":"https:\/\/mobecor.ee\/en\/wp-json\/wp\/v2\/product_brand?post=16895"},{"taxonomy":"product_cat","embeddable":true,"href":"https:\/\/mobecor.ee\/en\/wp-json\/wp\/v2\/product_cat?post=16895"},{"taxonomy":"product_tag","embeddable":true,"href":"https:\/\/mobecor.ee\/en\/wp-json\/wp\/v2\/product_tag?post=16895"}],"curies":[{"name":"wp","href":"https:\/\/api.w.org\/{rel}","templated":true}]}}