{"id":16909,"date":"2025-05-05T08:29:51","date_gmt":"2025-05-05T08:29:51","guid":{"rendered":"https:\/\/mobecor.ee\/?post_type=product&#038;p=16909"},"modified":"2025-09-24T17:37:48","modified_gmt":"2025-09-24T14:37:48","slug":"kummut-brego-10","status":"publish","type":"product","link":"https:\/\/mobecor.ee\/en\/toode\/kummut-brego-10\/","title":{"rendered":"Kummut Brego 10 (75\/38\/122)"},"content":{"rendered":"<p><span style=\"font-size: 14px;\">Kummutil on 2 ust.<\/span><span style=\"font-size: 14px;\">Uksed on vaikselt sulguvad.<br \/>\n<\/span><span style=\"font-size: 14px;\">Materjal: MDF plaat, kaetud PVC kattega.<br \/>\n<\/span><span style=\"font-size: 14px;\">V\u00e4rv: tamm artisan\/grafiithall.<br \/>\n<\/span><span style=\"font-size: 14px;\">K\u00e4epidemed: k\u00e4epidemeteta, esik\u00fclgedel freesitud v\u00e4ljal\u00f5igetega.<br \/>\n<\/span><span style=\"font-size: 14px;\">Toodetud: Poolas.<br \/>\n<\/span><span style=\"line-height: 1.3em; font-size: 14px;\">Toode tarnitakse detailidena.<br \/>\n<\/span><\/p>\n","protected":false},"excerpt":{"rendered":"<p><span style=\"line-height: 1.3em; font-size: 14px;\">Laius: 75 cm.<br \/>\n<\/span><span style=\"font-size: 14px;\">S\u00fcgavus: 38 cm.<br \/>\n<\/span><span style=\"font-size: 14px;\">K\u00f5rgus: 122 cm.<br \/>\n<\/span><span style=\"font-size: 14px;\">Tarneaeg: 4-8 n\u00e4dalat.<\/span><\/p>\n","protected":false},"featured_media":16216,"template":"","meta":{"_acf_changed":false,"inline_featured_image":false},"series":[2731],"product_brand":[2941],"product_cat":[98],"product_tag":[],"class_list":{"0":"post-16909","1":"product","2":"type-product","3":"status-publish","4":"has-post-thumbnail","6":"series-brego","7":"product_brand-szynaka","8":"product_cat-esiku-riiulid-ja-kapid","10":"first","11":"instock","12":"taxable","13":"shipping-taxable","14":"purchasable","15":"product-type-simple"},"acf":[],"_links":{"self":[{"href":"https:\/\/mobecor.ee\/en\/wp-json\/wp\/v2\/product\/16909","targetHints":{"allow":["GET"]}}],"collection":[{"href":"https:\/\/mobecor.ee\/en\/wp-json\/wp\/v2\/product"}],"about":[{"href":"https:\/\/mobecor.ee\/en\/wp-json\/wp\/v2\/types\/product"}],"wp:featuredmedia":[{"embeddable":true,"href":"https:\/\/mobecor.ee\/en\/wp-json\/wp\/v2\/media\/16216"}],"wp:attachment":[{"href":"https:\/\/mobecor.ee\/en\/wp-json\/wp\/v2\/media?parent=16909"}],"wp:term":[{"taxonomy":"series","embeddable":true,"href":"https:\/\/mobecor.ee\/en\/wp-json\/wp\/v2\/series?post=16909"},{"taxonomy":"product_brand","embeddable":true,"href":"https:\/\/mobecor.ee\/en\/wp-json\/wp\/v2\/product_brand?post=16909"},{"taxonomy":"product_cat","embeddable":true,"href":"https:\/\/mobecor.ee\/en\/wp-json\/wp\/v2\/product_cat?post=16909"},{"taxonomy":"product_tag","embeddable":true,"href":"https:\/\/mobecor.ee\/en\/wp-json\/wp\/v2\/product_tag?post=16909"}],"curies":[{"name":"wp","href":"https:\/\/api.w.org\/{rel}","templated":true}]}}