{"id":16990,"date":"2025-05-05T08:30:46","date_gmt":"2025-05-05T08:30:46","guid":{"rendered":"https:\/\/mobecor.ee\/?post_type=product&#038;p=16990"},"modified":"2026-03-10T10:45:11","modified_gmt":"2026-03-10T08:45:11","slug":"black-multipocket-vm","status":"publish","type":"product","link":"https:\/\/mobecor.ee\/en\/toode\/black-multipocket-vm\/","title":{"rendered":"Black Multipocket vedrumadrats"},"content":{"rendered":"<p>Lisamugavust pakub u\u0308hel poolel vill (talve pool), teisel puuvill (suve pool).<br \/>\n\u00dclipehme Supersoft kattekangas on tolmulestavastase Sensity\u2122 t\u00f6\u00f6tlusega, madratsikate on eemaldatav ja pestav kuni 60-kraadises vees.<br \/>\nTootel on Eesti Allergialiidu tunnusm\u00e4rk.<br \/>\nKattel on kaks lukku (\u00fcleval ja all) ning t\u00e4nu sellele on v\u00f5imalik see lahti v\u00f5tta 3 eraldi t\u00fckiks: \u00fclemine ja alumine plate ning k\u00fcljeriba.<br \/>\nToote k\u00fclgedel on tugevast riidest sangad, mille abil on madratsit lihtsam t\u00f5sta ja \u00fcmber p\u00f6\u00f6rata.<br \/>\nV\u00f5imalik valida vedru j\u00e4ikust \u2013 j\u00e4ik v\u00f5i pehme.<br \/>\nSaadaval on m\u00f5\u00f5dud 90&#215;200, 120&#215;200, 140&#215;200, 160&#215;200 ja 180&#215;200. K\u00f5rgus 25 cm.<br \/>\nV\u00f5imalik tellida ka erim\u00f5\u00f5dus tooteid.<br \/>\nSoovitame madratsile juurde lisada ka <a href=\"https:\/\/mobecor.ee\/tootekategooria\/magamistuba\/madratsid-ja-voodid\/sleepwell_uus\/kattemadratsid-1\/\" target=\"_blank\" rel=\"noopener\">Sleepwelli kattemadratsi<\/a>, mis loob t\u00e4iendava lisamugavuse, kaitseb madratsit, pikendab selle eluiga ning aitab kaasa heale voodih\u00fcgieenile.<br \/>\nToode on disainitud ja toodetud Eestis.<br \/>\nSleepwelli toodetes kasutatavad materjalid nagu kangas, puuvill, vill ja vatiin vastavad rahvusvahelisele \u00d6ko-Tex 100 standardile. Vedrus\u00fcsteemide kvaliteet on tagatud DIN EN ISO 9001 sertifikaadiga.<\/p>\n","protected":false},"excerpt":{"rendered":"<p>7-tsoonilise multipocket vedrustusega madratsi \u00fchel poolel on\u00a0naturaalne lateks, teisel poolel on\u00a0Tiger Touch poroloon, mis on materjalit\u00f6\u00f6stuse viimane s\u00f5na &#8211; laseb h\u00e4sti \u00f5hul liikuda ning moodustab m\u00f5nusalt vetruva, keha toetava vormi.<br \/>\nSuur vedrude arv tagab kehale maksimaalse toe.<br \/>\nTarneaeg: 2 kuni 4 n\u00e4dalat.<\/p>\n","protected":false},"featured_media":16016,"template":"","meta":{"_acf_changed":false,"inline_featured_image":false},"series":[],"product_brand":[2859],"product_cat":[100],"product_tag":[],"class_list":{"0":"post-16990","1":"product","2":"type-product","3":"status-publish","4":"has-post-thumbnail","6":"product_brand-sleepwell","7":"product_cat-black-sari","9":"first","10":"instock","11":"taxable","12":"shipping-taxable","13":"purchasable","14":"product-type-variable"},"acf":[],"_links":{"self":[{"href":"https:\/\/mobecor.ee\/en\/wp-json\/wp\/v2\/product\/16990","targetHints":{"allow":["GET"]}}],"collection":[{"href":"https:\/\/mobecor.ee\/en\/wp-json\/wp\/v2\/product"}],"about":[{"href":"https:\/\/mobecor.ee\/en\/wp-json\/wp\/v2\/types\/product"}],"wp:featuredmedia":[{"embeddable":true,"href":"https:\/\/mobecor.ee\/en\/wp-json\/wp\/v2\/media\/16016"}],"wp:attachment":[{"href":"https:\/\/mobecor.ee\/en\/wp-json\/wp\/v2\/media?parent=16990"}],"wp:term":[{"taxonomy":"series","embeddable":true,"href":"https:\/\/mobecor.ee\/en\/wp-json\/wp\/v2\/series?post=16990"},{"taxonomy":"product_brand","embeddable":true,"href":"https:\/\/mobecor.ee\/en\/wp-json\/wp\/v2\/product_brand?post=16990"},{"taxonomy":"product_cat","embeddable":true,"href":"https:\/\/mobecor.ee\/en\/wp-json\/wp\/v2\/product_cat?post=16990"},{"taxonomy":"product_tag","embeddable":true,"href":"https:\/\/mobecor.ee\/en\/wp-json\/wp\/v2\/product_tag?post=16990"}],"curies":[{"name":"wp","href":"https:\/\/api.w.org\/{rel}","templated":true}]}}