{"id":17397,"date":"2025-05-05T08:44:59","date_gmt":"2025-05-05T08:44:59","guid":{"rendered":"https:\/\/mobecor.ee\/?post_type=product&#038;p=17397"},"modified":"2026-02-13T08:56:13","modified_gmt":"2026-02-13T06:56:13","slug":"riidekapp-cali-c-23","status":"publish","type":"product","link":"https:\/\/mobecor.ee\/en\/toode\/riidekapp-cali-c-23\/","title":{"rendered":"Riidekapp Cali C-23 (150\/60,2\/213)"},"content":{"rendered":"<p>Riidekapil on 3 ust ja 2 sahtlit. \u00dcks uks on peegliga.<br \/>\nUste taga on pesuriiulid ja riidepuutorud.<br \/>\nUksed on vaikselt sulguvad.<br \/>\nMaterjal: lamineeritud m\u00f6\u00f6bliplaat.<br \/>\nServad:\u00a0ABS.<br \/>\nV\u00e4rv: tamm artisan\/must.<br \/>\nKapp on tamm artisani v\u00e4rviga, \u00fcks uks on musta v\u00e4rvi m\u00f6\u00f6bliplaadist + lisaks MDF liistud v\u00e4rviga &#8211; tamm artisan.<br \/>\nToodetud: Poolas.<br \/>\nToode tarnitakse detailidena.<span style=\"font-size: 10pt;\"><span style=\"line-height: 1.3em;\"><br \/>\n<\/span><\/span><\/p>\n","protected":false},"excerpt":{"rendered":"<p>Laius: 150 cm.<br \/>\nS\u00fcgavus: 60,2 cm.<br \/>\nK\u00f5rgus: 213 cm.<br \/>\nTarneaeg: 4-8 n\u00e4dalat.<\/p>\n","protected":false},"featured_media":15278,"template":"","meta":{"_acf_changed":false,"inline_featured_image":false},"series":[2734],"product_brand":[2946],"product_cat":[329],"product_tag":[],"class_list":{"0":"post-17397","1":"product","2":"type-product","3":"status-publish","4":"has-post-thumbnail","6":"series-cali","7":"product_brand-jarstol","8":"product_cat-4-uksega-kapid","10":"first","11":"instock","12":"taxable","13":"shipping-taxable","14":"purchasable","15":"product-type-simple"},"acf":[],"_links":{"self":[{"href":"https:\/\/mobecor.ee\/en\/wp-json\/wp\/v2\/product\/17397","targetHints":{"allow":["GET"]}}],"collection":[{"href":"https:\/\/mobecor.ee\/en\/wp-json\/wp\/v2\/product"}],"about":[{"href":"https:\/\/mobecor.ee\/en\/wp-json\/wp\/v2\/types\/product"}],"wp:featuredmedia":[{"embeddable":true,"href":"https:\/\/mobecor.ee\/en\/wp-json\/wp\/v2\/media\/15278"}],"wp:attachment":[{"href":"https:\/\/mobecor.ee\/en\/wp-json\/wp\/v2\/media?parent=17397"}],"wp:term":[{"taxonomy":"series","embeddable":true,"href":"https:\/\/mobecor.ee\/en\/wp-json\/wp\/v2\/series?post=17397"},{"taxonomy":"product_brand","embeddable":true,"href":"https:\/\/mobecor.ee\/en\/wp-json\/wp\/v2\/product_brand?post=17397"},{"taxonomy":"product_cat","embeddable":true,"href":"https:\/\/mobecor.ee\/en\/wp-json\/wp\/v2\/product_cat?post=17397"},{"taxonomy":"product_tag","embeddable":true,"href":"https:\/\/mobecor.ee\/en\/wp-json\/wp\/v2\/product_tag?post=17397"}],"curies":[{"name":"wp","href":"https:\/\/api.w.org\/{rel}","templated":true}]}}