{"id":17641,"date":"2025-05-05T08:50:44","date_gmt":"2025-05-05T08:50:44","guid":{"rendered":"https:\/\/mobecor.ee\/?post_type=product&#038;p=17641"},"modified":"2025-08-08T08:48:18","modified_gmt":"2025-08-08T05:48:18","slug":"padi-latex-soft","status":"publish","type":"product","link":"https:\/\/mobecor.ee\/en\/toode\/padi-latex-soft\/","title":{"rendered":"Padi Latex Soft"},"content":{"rendered":"<p><span style=\"font-size: 10pt;\">Klassikaline padjakuju muudab selle toote heaks alternatiiviks traditsioonilisele sulepadjale. <\/span><br \/>\n<span style=\"font-size: 10pt;\">Padja erip\u00e4raks on see, et ta ei vaju \u00e4ra ning ei muuda magamisel oma vormi nii, nagu seda teeb sulepadi.<br \/>\n<\/span><span style=\"font-size: 10pt;\">Padi sobib 50&#215;60 cm p\u00fc\u00fcri sisse.<\/span><br \/>\n<span style=\"font-size: 10pt;\">Padja kate on eemaldatav ning pestav.<\/span><\/p>\n","protected":false},"excerpt":{"rendered":"<p><span style=\"font-size: 10pt;\">Padja sisuks on looduslikust kummipuu mahlast ehk kaut\u0161ukist toodetud lateks.<br \/>\nM\u00f5\u00f5dud 40&#215;60 cm, valikus kaks k\u00f5rgust \u2013 12 cm ja 15 cm.<br \/>\nTarneaeg: 2 kuni 4 n\u00e4dalat<\/span><\/p>\n","protected":false},"featured_media":14994,"template":"","meta":{"_acf_changed":false,"inline_featured_image":false},"series":[],"product_brand":[2859],"product_cat":[409],"product_tag":[],"class_list":{"0":"post-17641","1":"product","2":"type-product","3":"status-publish","4":"has-post-thumbnail","6":"product_brand-sleepwell","7":"product_cat-sleepwell-padjad","9":"first","10":"instock","11":"taxable","12":"shipping-taxable","13":"purchasable","14":"product-type-variable"},"acf":[],"_links":{"self":[{"href":"https:\/\/mobecor.ee\/en\/wp-json\/wp\/v2\/product\/17641","targetHints":{"allow":["GET"]}}],"collection":[{"href":"https:\/\/mobecor.ee\/en\/wp-json\/wp\/v2\/product"}],"about":[{"href":"https:\/\/mobecor.ee\/en\/wp-json\/wp\/v2\/types\/product"}],"wp:featuredmedia":[{"embeddable":true,"href":"https:\/\/mobecor.ee\/en\/wp-json\/wp\/v2\/media\/14994"}],"wp:attachment":[{"href":"https:\/\/mobecor.ee\/en\/wp-json\/wp\/v2\/media?parent=17641"}],"wp:term":[{"taxonomy":"series","embeddable":true,"href":"https:\/\/mobecor.ee\/en\/wp-json\/wp\/v2\/series?post=17641"},{"taxonomy":"product_brand","embeddable":true,"href":"https:\/\/mobecor.ee\/en\/wp-json\/wp\/v2\/product_brand?post=17641"},{"taxonomy":"product_cat","embeddable":true,"href":"https:\/\/mobecor.ee\/en\/wp-json\/wp\/v2\/product_cat?post=17641"},{"taxonomy":"product_tag","embeddable":true,"href":"https:\/\/mobecor.ee\/en\/wp-json\/wp\/v2\/product_tag?post=17641"}],"curies":[{"name":"wp","href":"https:\/\/api.w.org\/{rel}","templated":true}]}}