{"id":17858,"date":"2025-05-05T08:57:20","date_gmt":"2025-05-05T08:57:20","guid":{"rendered":"https:\/\/mobecor.ee\/?post_type=product&#038;p=17858"},"modified":"2026-03-26T12:03:40","modified_gmt":"2026-03-26T10:03:40","slug":"luxury-dream-pocket-coco","status":"publish","type":"product","link":"https:\/\/mobecor.ee\/en\/toode\/luxury-dream-pocket-coco\/","title":{"rendered":"Luxury Dream Pocket Coco"},"content":{"rendered":"<p><span style=\"font-size: 14px;\">Kahepoolne, keskmisest j\u00e4igem vedrumadrats.<\/span><br \/>\n<span style=\"font-size: 14px;\">Madratsil on k\u00f5rge pocket vedrustus, 18 cm. <\/span><br \/>\n<span style=\"font-size: 14px;\">\u00c4\u00e4revedrud on paksemad, vedrutraadi l\u00e4bim\u00f5\u00f5t 2 mm.<br \/>\nVedruploki m\u00f5lemal poolel on kookoskiht.<br \/>\nKangas on tepitud 2 cm porolooniga, pehmenduseks profileeritud poroloon.<br \/>\nMadratsil on valget v\u00e4rvi tepitud trikotaa\u017ekangas (72% puuvill + 28% viskoos).<\/span><br \/>\n<span style=\"font-size: 14px;\">T\u00e4nu oma k\u00f5rgusele on LUXURY DREAM POCKET kollektsiooni madratsid \u00fclimugavad isegi madalates voodites.<\/span><br \/>\n<span style=\"font-size: 14px;\">Maksimaalne koormus madratsi kohta: 140 kg.<br \/>\nToodetud: L\u00e4tis.<br \/>\nMadrats on pakitud rulli.<\/span><\/p>\n<p>&nbsp;<\/p>\n","protected":false},"excerpt":{"rendered":"<p><span style=\"font-size: 14px;\">Madratsi k\u00f5rgus: 28 cm.<br \/>\nS\u00fcgavus: 200 cm.<br \/>\nLaiused: 140, 160 ja 180 cm.<br \/>\n<\/span><span style=\"font-size: 14px;\">Tarneaeg: kuni 4 n\u00e4dalat.<\/span><br \/>\n<strong>NB! Laos kohe olemas m\u00f5\u00f5duga: 140*200; 160*200.<\/strong><\/p>\n","protected":false},"featured_media":14904,"template":"","meta":{"_acf_changed":false,"inline_featured_image":false},"series":[],"product_brand":[],"product_cat":[171,2934],"product_tag":[],"class_list":{"0":"post-17858","1":"product","2":"type-product","3":"status-publish","4":"has-post-thumbnail","6":"product_cat-sendeko-rullmadratsid","7":"product_cat-voodid-ja-madratsid-laos","9":"first","10":"instock","11":"taxable","12":"shipping-taxable","13":"purchasable","14":"product-type-variable"},"acf":[],"_links":{"self":[{"href":"https:\/\/mobecor.ee\/en\/wp-json\/wp\/v2\/product\/17858","targetHints":{"allow":["GET"]}}],"collection":[{"href":"https:\/\/mobecor.ee\/en\/wp-json\/wp\/v2\/product"}],"about":[{"href":"https:\/\/mobecor.ee\/en\/wp-json\/wp\/v2\/types\/product"}],"wp:featuredmedia":[{"embeddable":true,"href":"https:\/\/mobecor.ee\/en\/wp-json\/wp\/v2\/media\/14904"}],"wp:attachment":[{"href":"https:\/\/mobecor.ee\/en\/wp-json\/wp\/v2\/media?parent=17858"}],"wp:term":[{"taxonomy":"series","embeddable":true,"href":"https:\/\/mobecor.ee\/en\/wp-json\/wp\/v2\/series?post=17858"},{"taxonomy":"product_brand","embeddable":true,"href":"https:\/\/mobecor.ee\/en\/wp-json\/wp\/v2\/product_brand?post=17858"},{"taxonomy":"product_cat","embeddable":true,"href":"https:\/\/mobecor.ee\/en\/wp-json\/wp\/v2\/product_cat?post=17858"},{"taxonomy":"product_tag","embeddable":true,"href":"https:\/\/mobecor.ee\/en\/wp-json\/wp\/v2\/product_tag?post=17858"}],"curies":[{"name":"wp","href":"https:\/\/api.w.org\/{rel}","templated":true}]}}