{"id":17859,"date":"2025-05-05T08:57:20","date_gmt":"2025-05-05T08:57:20","guid":{"rendered":"https:\/\/mobecor.ee\/?post_type=product&#038;p=17859"},"modified":"2026-03-12T12:21:49","modified_gmt":"2026-03-12T10:21:49","slug":"luxury-dream-pocket-latex","status":"publish","type":"product","link":"https:\/\/mobecor.ee\/en\/toode\/luxury-dream-pocket-latex\/","title":{"rendered":"Luxury Dream Pocket Latex"},"content":{"rendered":"<p>Kahepoolne, keskmisest pehmem vedrumadrats.<br \/>\nMadratsil on k\u00f5rge pocket vedrustus, 18 cm.<br \/>\n\u00c4\u00e4revedrud on paksemad, vedrutraadi l\u00e4bim\u00f5\u00f5t 2 mm.<br \/>\nVedruploki m\u00f5lemal poolel on lateks. Lateks on looduslik kaut\u0161ukipuust saadud materjal, mis tagab suurep\u00e4rase hingavuse ja kauakestvuse.<br \/>\nKangas on tepitud 2 cm porolooniga, pehmenduseks profileeritud poroloon.<br \/>\nMadratsil on valget v\u00e4rvi tepitud trikotaa\u017ekangas (72% puuvill + 28% viskoos).<br \/>\nT\u00e4nu oma k\u00f5rgusele on LUXURY DREAM POCKET kollektsiooni madratsid \u00fclimugavad isegi madalates voodites.<br \/>\nMaksimaalne koormus madratsi kohta: 140 kg.<br \/>\nToodetud: L\u00e4tis.<br \/>\nMadrats on pakitud rulli.<\/p>\n<p>&nbsp;<\/p>\n","protected":false},"excerpt":{"rendered":"<p>Madratsi k\u00f5rgus: 30 cm.<br \/>\nS\u00fcgavus: 200 cm.<br \/>\nLaiused: 140, 160 ja 180 cm.<br \/>\nTarneaeg: kuni 4 n\u00e4dalat.<\/p>\n","protected":false},"featured_media":14906,"template":"","meta":{"_acf_changed":false,"inline_featured_image":false},"series":[],"product_brand":[2858],"product_cat":[171],"product_tag":[],"class_list":{"0":"post-17859","1":"product","2":"type-product","3":"status-publish","4":"has-post-thumbnail","6":"product_brand-sendeko","7":"product_cat-sendeko-rullmadratsid","9":"first","10":"instock","11":"taxable","12":"shipping-taxable","13":"purchasable","14":"product-type-variable"},"acf":[],"_links":{"self":[{"href":"https:\/\/mobecor.ee\/en\/wp-json\/wp\/v2\/product\/17859","targetHints":{"allow":["GET"]}}],"collection":[{"href":"https:\/\/mobecor.ee\/en\/wp-json\/wp\/v2\/product"}],"about":[{"href":"https:\/\/mobecor.ee\/en\/wp-json\/wp\/v2\/types\/product"}],"wp:featuredmedia":[{"embeddable":true,"href":"https:\/\/mobecor.ee\/en\/wp-json\/wp\/v2\/media\/14906"}],"wp:attachment":[{"href":"https:\/\/mobecor.ee\/en\/wp-json\/wp\/v2\/media?parent=17859"}],"wp:term":[{"taxonomy":"series","embeddable":true,"href":"https:\/\/mobecor.ee\/en\/wp-json\/wp\/v2\/series?post=17859"},{"taxonomy":"product_brand","embeddable":true,"href":"https:\/\/mobecor.ee\/en\/wp-json\/wp\/v2\/product_brand?post=17859"},{"taxonomy":"product_cat","embeddable":true,"href":"https:\/\/mobecor.ee\/en\/wp-json\/wp\/v2\/product_cat?post=17859"},{"taxonomy":"product_tag","embeddable":true,"href":"https:\/\/mobecor.ee\/en\/wp-json\/wp\/v2\/product_tag?post=17859"}],"curies":[{"name":"wp","href":"https:\/\/api.w.org\/{rel}","templated":true}]}}