{"id":17862,"date":"2025-05-05T08:57:20","date_gmt":"2025-05-05T08:57:20","guid":{"rendered":"https:\/\/mobecor.ee\/?post_type=product&#038;p=17862"},"modified":"2026-03-12T10:28:45","modified_gmt":"2026-03-12T08:28:45","slug":"rullis-vedrumadrats-relax-latex-1","status":"publish","type":"product","link":"https:\/\/mobecor.ee\/en\/toode\/rullis-vedrumadrats-relax-latex-1\/","title":{"rendered":"Rullis vedrumadrats Relax Latex"},"content":{"rendered":"<p>Kahepoolne keskmise k\u00f5vadusega madrats, mis p\u00f5hineb 7-tsoonilisel s\u00f5ltumatul vedruplokil Pocket.<br \/>\nSee vedruploki disain tagab keha \u00fchtlase kaalujaotuse, andes madratsile veelgi rohkem v\u00e4ljendunud ortopeedilised omadused kui klassikalisel Pocket vedruplokil.<br \/>\nNendel vedrudel on disainifunktsioon, mis pakub optimaalset tuge kehapiirkondades, kus seda anatoomiliselt k\u00f5ige rohkem vaja on.<br \/>\nSelle madratsi m\u00f5lemad k\u00fcljed on kaetud k\u00f5rgtehnoloogilise pol\u00fcuretaanvahuga (m\u00f6\u00f6bli poroloon), mis on materjal, mida enim kasutatakse erinevates magamiss\u00fcsteemides.<br \/>\nNaturaalse lateksi kiht madratsi \u00fchel k\u00fcljel muudab selle pehmemaks.<br \/>\nMadratsi sisu:<br \/>\n* lateks,<br \/>\n* pol\u00fcuretaanvaht, m\u00f5lemal pool (tihedus 25kg\/m3).<br \/>\n*\u00a07-tsooniline Pocket vedruplokk, vedru k\u00f5rgus 140mm (traadi l\u00e4bim\u00f5\u00f5t 1,6mm\/1,8mm).<br \/>\n*\u00a0pol\u00fcuretaanvaht, m\u00f5lemal pool (tihedus 25kg\/m3).<br \/>\nMadratsi mugavamaks tarnimiseks on madrats rullpakendis.<br \/>\nToodetud: L\u00e4tis.<\/p>\n","protected":false},"excerpt":{"rendered":"<p>Madratsi k\u00f5rgus: 21 cm.<br \/>\nS\u00fcgavus: 200 cm.<br \/>\nLaiused: 80; 90; 120; 140; 160; 180 cm.<br \/>\nTarneaeg: kuni 4 n\u00e4dalat.<\/p>\n","protected":false},"featured_media":14912,"template":"","meta":{"_acf_changed":false,"inline_featured_image":false},"series":[],"product_brand":[2858],"product_cat":[171],"product_tag":[],"class_list":{"0":"post-17862","1":"product","2":"type-product","3":"status-publish","4":"has-post-thumbnail","6":"product_brand-sendeko","7":"product_cat-sendeko-rullmadratsid","9":"first","10":"instock","11":"taxable","12":"shipping-taxable","13":"purchasable","14":"product-type-variable"},"acf":[],"_links":{"self":[{"href":"https:\/\/mobecor.ee\/en\/wp-json\/wp\/v2\/product\/17862","targetHints":{"allow":["GET"]}}],"collection":[{"href":"https:\/\/mobecor.ee\/en\/wp-json\/wp\/v2\/product"}],"about":[{"href":"https:\/\/mobecor.ee\/en\/wp-json\/wp\/v2\/types\/product"}],"wp:featuredmedia":[{"embeddable":true,"href":"https:\/\/mobecor.ee\/en\/wp-json\/wp\/v2\/media\/14912"}],"wp:attachment":[{"href":"https:\/\/mobecor.ee\/en\/wp-json\/wp\/v2\/media?parent=17862"}],"wp:term":[{"taxonomy":"series","embeddable":true,"href":"https:\/\/mobecor.ee\/en\/wp-json\/wp\/v2\/series?post=17862"},{"taxonomy":"product_brand","embeddable":true,"href":"https:\/\/mobecor.ee\/en\/wp-json\/wp\/v2\/product_brand?post=17862"},{"taxonomy":"product_cat","embeddable":true,"href":"https:\/\/mobecor.ee\/en\/wp-json\/wp\/v2\/product_cat?post=17862"},{"taxonomy":"product_tag","embeddable":true,"href":"https:\/\/mobecor.ee\/en\/wp-json\/wp\/v2\/product_tag?post=17862"}],"curies":[{"name":"wp","href":"https:\/\/api.w.org\/{rel}","templated":true}]}}