{"id":17900,"date":"2025-05-05T08:58:14","date_gmt":"2025-05-05T08:58:14","guid":{"rendered":"https:\/\/mobecor.ee\/?post_type=product&#038;p=17900"},"modified":"2026-04-13T07:02:03","modified_gmt":"2026-04-13T04:02:03","slug":"seinakapp-kammono-kc4-wo30-29n","status":"publish","type":"product","link":"https:\/\/mobecor.ee\/en\/toode\/seinakapp-kammono-kc4-wo30-29n\/","title":{"rendered":"Seinakapp Kammono KC4 WO30\/29N"},"content":{"rendered":"<ul>\n<li style=\"font-size: 14px;\"><span style=\"font-size: 14px;\">1-uksega \u00fclakapp\/k\u00f5rgendus k\u00f5rgetele kappidele.\u00a0<\/span><\/li>\n<li style=\"font-size: 14px;\"><span style=\"font-size: 14px;\">Uks avaneb \u00fcles.<\/span><\/li>\n<li style=\"font-size: 14px;\"><span style=\"font-size: 14px;\">Kammono KC4 sarja esipinnad on valmistatud kvaliteetsest 18 mm paksusest lamineeritud m\u00f6\u00f6bliplaadist.<\/span><\/li>\n<li style=\"font-size: 14px;\"><span style=\"font-size: 14px;\">Esipinnad on kaetud PET-fooliumiga (matt) v\u00f5i akr\u00fc\u00fcllaminaadiga (k\u00f5rgl\u00e4ikega).<\/span><\/li>\n<li style=\"font-size: 14px;\"><span style=\"font-size: 14px;\">Esipindade servad on viimistletud 1 mm paksuse ABS kandiga.\u00a0<\/span><\/li>\n<li><span style=\"font-size: 14px;\">Esipindade v\u00e4rvivalik matt viimistlus: kreem matt; kaszmir matt; skalny matt; bazalt matt; valge matt; hall matt; must matt; helehall matt.<\/span><\/li>\n<li><span style=\"font-size: 14px;\">Esipindade v\u00e4rvivalik l\u00e4ikiv viimistlus: valge l\u00e4ikiv; kaszmir l\u00e4ikiv; hall l\u00e4ikiv.<\/span><\/li>\n<li style=\"font-size: 14px;\"><span style=\"font-size: 14px;\">Esipindadel on mustad alumiiniumist servak\u00e4epidemed, mis on integreeritud 3 mm paksuse musta veljega.<\/span><\/li>\n<li style=\"font-size: 14px;\"><span style=\"font-size: 14px;\">Kammono KC4 sarjal on 5 k\u00e4epideme pikkust, mis on kohandatud vastavalt esiosa laiusele.<\/span><\/li>\n<li style=\"font-size: 14px;\"><span style=\"font-size: 14px;\">Korpus: valmistatud kvaliteetsest 16 mm paksusest lamineeritud m\u00f6\u00f6bliplaadist.<\/span><\/li>\n<li style=\"font-size: 14px;\"><span style=\"font-size: 14px;\">Korpuse v\u00e4rvivalik: valge; hall; kaszmir B; cappuccino; must.<\/span><\/li>\n<li style=\"font-size: 14px;\"><span style=\"font-size: 14px;\">Toodetud: Poolas.<\/span><\/li>\n<li style=\"font-size: 14px;\"><span style=\"font-size: 14px;\">Toode tarnitakse detailidena.<\/span><\/li>\n<li style=\"font-size: 14px;\"><span style=\"font-size: 14px;\">K\u00f5rgus: 29 cm.<\/span><\/li>\n<li style=\"font-size: 14px;\"><span style=\"font-size: 14px;\">S\u00fcgavus: 58 cm.<\/span><\/li>\n<li style=\"font-size: 14px;\"><span style=\"font-size: 14px;\">Laius: 30 cm.<\/span><\/li>\n<li style=\"font-size: 14px;\"><span style=\"font-size: 14px;\">Tarneaeg: 4-8 n\u00e4dalat.<\/span><\/li>\n<\/ul>\n","protected":false},"excerpt":{"rendered":"<p>1-uksega \u00fclakapp\/k\u00f5rgendus k\u00f5rgetele kappidele.\u00a0 Uks avaneb \u00fcles. Kammono KC4 sarja esipinnad on valmistatud kvaliteetsest 18 mm paksusest lamineeritud m\u00f6\u00f6bliplaadist. Esipinnad&#8230;<\/p>\n","protected":false},"featured_media":14884,"template":"","meta":{"_acf_changed":false,"inline_featured_image":false},"series":[],"product_brand":[2952],"product_cat":[345],"product_tag":[],"class_list":{"0":"post-17900","1":"product","2":"type-product","3":"status-publish","4":"has-post-thumbnail","6":"product_brand-meblekam","7":"product_cat-kammono-kc4-seinakapid-29-cm","9":"first","10":"instock","11":"taxable","12":"shipping-taxable","13":"purchasable","14":"product-type-simple"},"acf":[],"_links":{"self":[{"href":"https:\/\/mobecor.ee\/en\/wp-json\/wp\/v2\/product\/17900","targetHints":{"allow":["GET"]}}],"collection":[{"href":"https:\/\/mobecor.ee\/en\/wp-json\/wp\/v2\/product"}],"about":[{"href":"https:\/\/mobecor.ee\/en\/wp-json\/wp\/v2\/types\/product"}],"wp:featuredmedia":[{"embeddable":true,"href":"https:\/\/mobecor.ee\/en\/wp-json\/wp\/v2\/media\/14884"}],"wp:attachment":[{"href":"https:\/\/mobecor.ee\/en\/wp-json\/wp\/v2\/media?parent=17900"}],"wp:term":[{"taxonomy":"series","embeddable":true,"href":"https:\/\/mobecor.ee\/en\/wp-json\/wp\/v2\/series?post=17900"},{"taxonomy":"product_brand","embeddable":true,"href":"https:\/\/mobecor.ee\/en\/wp-json\/wp\/v2\/product_brand?post=17900"},{"taxonomy":"product_cat","embeddable":true,"href":"https:\/\/mobecor.ee\/en\/wp-json\/wp\/v2\/product_cat?post=17900"},{"taxonomy":"product_tag","embeddable":true,"href":"https:\/\/mobecor.ee\/en\/wp-json\/wp\/v2\/product_tag?post=17900"}],"curies":[{"name":"wp","href":"https:\/\/api.w.org\/{rel}","templated":true}]}}