{"id":17960,"date":"2025-05-05T09:00:01","date_gmt":"2025-05-05T09:00:01","guid":{"rendered":"https:\/\/mobecor.ee\/?post_type=product&#038;p=17960"},"modified":"2026-04-13T07:06:51","modified_gmt":"2026-04-13T04:06:51","slug":"kapp-kammono-kc4-sd40ss2-71","status":"publish","type":"product","link":"https:\/\/mobecor.ee\/en\/toode\/kapp-kammono-kc4-sd40ss2-71\/","title":{"rendered":"K\u00f5rge kapp Kammono KC4 SD40SS2\/71 (199 cm)"},"content":{"rendered":"<ul>\n<li style=\"font-size: 14px;\"><span style=\"font-size: 14px;\">Kapil on 1 uks ja 2 sahtlit.\u00a0Uks ja sahtlid on vaikselt sulguvad.<\/span><\/li>\n<li style=\"font-size: 14px;\"><span style=\"font-size: 14px;\">Kapp sobib seinakappidega, mis on k\u00f5rgusega 71 cm.<\/span><\/li>\n<li style=\"font-size: 14px;\"><span style=\"font-size: 14px;\">Kammono KC4 sarja esipinnad on valmistatud kvaliteetsest 18 mm paksusest lamineeritud m\u00f6\u00f6bliplaadist.<\/span><\/li>\n<li style=\"font-size: 14px;\"><span style=\"font-size: 14px;\">Esipinnad on kaetud PET-fooliumiga (matt) v\u00f5i akr\u00fc\u00fcllaminaadiga (k\u00f5rgl\u00e4ikega).<\/span><\/li>\n<li style=\"font-size: 14px;\"><span style=\"font-size: 14px;\">Esipindade servad on viimistletud 1 mm paksuse ABS kandiga.\u00a0<\/span><\/li>\n<li><span style=\"font-size: 14px;\">Esipindade v\u00e4rvivalik matt viimistlus: kreem matt; kaszmir matt; skalny matt; bazalt matt; valge matt; hall matt; must matt; helehall matt.<\/span><\/li>\n<li><span style=\"font-size: 14px;\">Esipindade v\u00e4rvivalik l\u00e4ikiv viimistlus: valge l\u00e4ikiv; kaszmir l\u00e4ikiv; hall l\u00e4ikiv.<\/span><\/li>\n<li style=\"font-size: 14px;\"><span style=\"font-size: 14px;\">Esipindadel on mustad alumiiniumist servak\u00e4epidemed, mis on integreeritud 3 mm paksuse musta veljega.<\/span><\/li>\n<li style=\"font-size: 14px;\"><span style=\"font-size: 14px;\">Kammono KC4 sarjal on 5 k\u00e4epideme pikkust, mis on kohandatud vastavalt esiosa laiusele.<\/span><\/li>\n<li style=\"font-size: 14px;\"><span style=\"font-size: 14px;\">Korpus: valmistatud kvaliteetsest 16 mm paksusest lamineeritud m\u00f6\u00f6bliplaadist.<\/span><\/li>\n<li style=\"font-size: 14px;\"><span style=\"font-size: 14px;\">Korpuse v\u00e4rvivalik: valge; hall; kaszmir B; cappuccino; must.<\/span><\/li>\n<li style=\"font-size: 14px;\"><span style=\"font-size: 14px;\">Kapil on reguleeritavad jalad. Valikus k\u00f5rgusega 10 v\u00f5i 15 cm.<\/span><\/li>\n<li style=\"font-size: 14px;\"><span lang=\"et-EE\" style=\"font-size: 14px;\">Sokkel ei kuulu hinna sisse. V\u00f5imalik juurde tellida\u00a0<a href=\"https:\/\/mobecor.ee\/toode\/sokkel-kammono\/\" target=\"_blank\" rel=\"alternate noopener noreferrer\">SIIT<\/a>\u00a0v\u00f5i k\u00fcljesokkel\u00a0<a href=\"https:\/\/mobecor.ee\/toode\/kuljesokkel-kammono\/\" target=\"_blank\" rel=\"alternate noopener noreferrer\">SIIT<\/a>.<\/span><\/li>\n<li style=\"font-size: 14px;\"><span style=\"font-size: 14px;\">Toodetud: Poolas.<\/span><\/li>\n<li style=\"font-size: 14px;\"><span style=\"font-size: 14px;\">Toode tarnitakse detailidena.<\/span><\/li>\n<li style=\"font-size: 14px;\"><span style=\"font-size: 14px;\">K\u00f5rgus: 199 cm (ilma jalgadeta).<\/span><\/li>\n<li style=\"font-size: 14px;\"><span style=\"font-size: 14px;\">S\u00fcgavus: 58 cm.<\/span><\/li>\n<li style=\"font-size: 14px;\"><span style=\"font-size: 14px;\">Laius: 40 cm.<\/span><\/li>\n<li style=\"font-size: 14px;\"><span style=\"font-size: 14px;\">Tarneaeg: 4-8 n\u00e4dalat.<\/span><\/li>\n<\/ul>\n","protected":false},"excerpt":{"rendered":"<p>Kapil on 1 uks ja 2 sahtlit.\u00a0Uks ja sahtlid on vaikselt sulguvad. Kapp sobib seinakappidega, mis on k\u00f5rgusega 71 cm&#8230;.<\/p>\n","protected":false},"featured_media":14852,"template":"","meta":{"_acf_changed":false,"inline_featured_image":false},"series":[],"product_brand":[2952],"product_cat":[419],"product_tag":[],"class_list":{"0":"post-17960","1":"product","2":"type-product","3":"status-publish","4":"has-post-thumbnail","6":"product_brand-meblekam","7":"product_cat-kammono-kc4-korged-kapid","9":"first","10":"instock","11":"taxable","12":"shipping-taxable","13":"purchasable","14":"product-type-simple"},"acf":[],"_links":{"self":[{"href":"https:\/\/mobecor.ee\/en\/wp-json\/wp\/v2\/product\/17960","targetHints":{"allow":["GET"]}}],"collection":[{"href":"https:\/\/mobecor.ee\/en\/wp-json\/wp\/v2\/product"}],"about":[{"href":"https:\/\/mobecor.ee\/en\/wp-json\/wp\/v2\/types\/product"}],"wp:featuredmedia":[{"embeddable":true,"href":"https:\/\/mobecor.ee\/en\/wp-json\/wp\/v2\/media\/14852"}],"wp:attachment":[{"href":"https:\/\/mobecor.ee\/en\/wp-json\/wp\/v2\/media?parent=17960"}],"wp:term":[{"taxonomy":"series","embeddable":true,"href":"https:\/\/mobecor.ee\/en\/wp-json\/wp\/v2\/series?post=17960"},{"taxonomy":"product_brand","embeddable":true,"href":"https:\/\/mobecor.ee\/en\/wp-json\/wp\/v2\/product_brand?post=17960"},{"taxonomy":"product_cat","embeddable":true,"href":"https:\/\/mobecor.ee\/en\/wp-json\/wp\/v2\/product_cat?post=17960"},{"taxonomy":"product_tag","embeddable":true,"href":"https:\/\/mobecor.ee\/en\/wp-json\/wp\/v2\/product_tag?post=17960"}],"curies":[{"name":"wp","href":"https:\/\/api.w.org\/{rel}","templated":true}]}}