{"id":18178,"date":"2025-05-05T09:06:59","date_gmt":"2025-05-05T09:06:59","guid":{"rendered":"https:\/\/mobecor.ee\/?post_type=product&#038;p=18178"},"modified":"2026-04-13T08:17:10","modified_gmt":"2026-04-13T05:17:10","slug":"kapp-kammono-kc2-wo60-51-p1","status":"publish","type":"product","link":"https:\/\/mobecor.ee\/en\/toode\/kapp-kammono-kc2-wo60-51-p1\/","title":{"rendered":"\u00d5hupuhastikapp Kammono KC2 WO60\/51P1 + \u00f5hupuhasti"},"content":{"rendered":"<ul>\n<li style=\"font-size: 14px;\"><span style=\"font-size: 14px;\">1-uksega \u00f5hupuhastikapp.\u00a0<\/span><span style=\"font-size: 14px;\">Uks avaneb \u00fcles.<\/span><\/li>\n<li style=\"font-size: 14px;\">Komplekti kuulub \u00f5hupuhasti Franke.<\/li>\n<li style=\"font-size: 14px;\"><span style=\"font-size: 14px;\"><strong>NB! Kapp sobib seinakappidega, mis on k\u00f5rgusega 71 cm.<\/strong><\/span><\/li>\n<li style=\"font-size: 14px;\"><span style=\"font-size: 14px;\">Kammono KC2 sarja esipinnad on valmistatud kvaliteetsest 18 mm paksusest lamineeritud m\u00f6\u00f6bliplaadist.<\/span><\/li>\n<li style=\"font-size: 14px;\">Esipindadel on mustad alumiiniumist servak\u00e4epidemed, mis on integreeritud 3 mm paksuse musta veljega.<\/li>\n<li><span style=\"font-size: 14px;\">Kammono KC2 sarjal on 5 k\u00e4epideme pikkust, mis on kohandatud vastavalt esiosa laiusele.<\/span><\/li>\n<li style=\"font-size: 14px;\"><span style=\"font-size: 14px;\">Esipindade \u00fclej\u00e4\u00e4nud servad on viimistletud esipinna v\u00e4rvi 1 mm paksuse ABS kandiga.\u00a0<\/span><\/li>\n<li style=\"font-size: 14px;\"><span style=\"font-size: 14px;\">Esipindade v\u00e4rvivalik: tamm hikkori; tamm nebraska; tamm kuldne; tamm arlington; tamm estana; tamm belmont; tamm vicenza; kalasaba tamm; san sebastian; marmor crystal; marmor calcatta; kaszmir B; cappuccino; plaatinavalge.<\/span><\/li>\n<li style=\"font-size: 14px;\"><span style=\"font-size: 14px;\">Korpus: valmistatud kvaliteetsest 16 mm paksusest lamineeritud m\u00f6\u00f6bliplaadist.<\/span><\/li>\n<li style=\"font-size: 14px;\"><span style=\"font-size: 14px;\">Korpuse v\u00e4rvivalik: valge; hall; kaszmir B; cappuccino; must.<\/span><\/li>\n<li style=\"font-size: 14px;\"><span style=\"font-size: 14px;\">Toodetud: Poolas.<\/span><\/li>\n<li style=\"font-size: 14px;\"><span style=\"font-size: 14px;\">Toode tarnitakse detailidena.<\/span><\/li>\n<li style=\"font-size: 14px;\"><span style=\"font-size: 14px;\">K\u00f5rgus: 51 cm.<\/span><\/li>\n<li style=\"font-size: 14px;\"><span style=\"font-size: 14px;\">S\u00fcgavus: 32 cm.<\/span><\/li>\n<li style=\"font-size: 14px;\"><span style=\"font-size: 14px;\">Laius: 60 cm.<\/span><\/li>\n<li style=\"font-size: 14px;\"><span style=\"font-size: 14px;\">Tarneaeg: 4-8 n\u00e4dalat.<\/span><\/li>\n<li style=\"font-size: 14px;\"><span style=\"font-size: 14px;\">\u00d5hupuhasti: v\u00e4rv: roostevaba teras (P1), must (P1C), valge (P1B).\u00a0V\u00f5imsus: 310 m3\/h.<\/span><\/li>\n<li style=\"font-size: 14px;\"><span style=\"font-size: 14px;\">Kiirused: 3.\u00a0Valgustus: LED 2 x 4W.<\/span><\/li>\n<li style=\"font-size: 14px;\"><span style=\"font-size: 14px;\">S\u00fcsinikfilter: ei kuulu komplekti. V\u00f5imalik juurde osta lisavalikuna.<\/span><\/li>\n<\/ul>\n","protected":false},"excerpt":{"rendered":"<p>1-uksega \u00f5hupuhastikapp.\u00a0Uks avaneb \u00fcles. Komplekti kuulub \u00f5hupuhasti Franke. NB! Kapp sobib seinakappidega, mis on k\u00f5rgusega 71 cm. Kammono KC2 sarja&#8230;<\/p>\n","protected":false},"featured_media":14604,"template":"","meta":{"_acf_changed":false,"inline_featured_image":false},"series":[],"product_brand":[2952],"product_cat":[310],"product_tag":[],"class_list":{"0":"post-18178","1":"product","2":"type-product","3":"status-publish","4":"has-post-thumbnail","6":"product_brand-meblekam","7":"product_cat-kammono-kc2-seinakapid","9":"first","10":"instock","11":"taxable","12":"shipping-taxable","13":"purchasable","14":"product-type-variable"},"acf":[],"_links":{"self":[{"href":"https:\/\/mobecor.ee\/en\/wp-json\/wp\/v2\/product\/18178","targetHints":{"allow":["GET"]}}],"collection":[{"href":"https:\/\/mobecor.ee\/en\/wp-json\/wp\/v2\/product"}],"about":[{"href":"https:\/\/mobecor.ee\/en\/wp-json\/wp\/v2\/types\/product"}],"wp:featuredmedia":[{"embeddable":true,"href":"https:\/\/mobecor.ee\/en\/wp-json\/wp\/v2\/media\/14604"}],"wp:attachment":[{"href":"https:\/\/mobecor.ee\/en\/wp-json\/wp\/v2\/media?parent=18178"}],"wp:term":[{"taxonomy":"series","embeddable":true,"href":"https:\/\/mobecor.ee\/en\/wp-json\/wp\/v2\/series?post=18178"},{"taxonomy":"product_brand","embeddable":true,"href":"https:\/\/mobecor.ee\/en\/wp-json\/wp\/v2\/product_brand?post=18178"},{"taxonomy":"product_cat","embeddable":true,"href":"https:\/\/mobecor.ee\/en\/wp-json\/wp\/v2\/product_cat?post=18178"},{"taxonomy":"product_tag","embeddable":true,"href":"https:\/\/mobecor.ee\/en\/wp-json\/wp\/v2\/product_tag?post=18178"}],"curies":[{"name":"wp","href":"https:\/\/api.w.org\/{rel}","templated":true}]}}