{"id":18452,"date":"2025-05-05T09:17:22","date_gmt":"2025-05-05T09:17:22","guid":{"rendered":"https:\/\/mobecor.ee\/?post_type=product&#038;p=18452"},"modified":"2026-03-10T14:02:45","modified_gmt":"2026-03-10T12:02:45","slug":"blue-pocket-plus-vedrumadrats","status":"publish","type":"product","link":"https:\/\/mobecor.ee\/en\/toode\/blue-pocket-plus-vedrumadrats\/","title":{"rendered":"Blue Pocket Plus vedrumadrats"},"content":{"rendered":"<p>5-tsoonilise pocket-vedrustusega madrats koosneb viiest eri pehmusega tsoonist, mis pakub meie erinevatele kehaosadele k\u00f5ige paremat toestust<br \/>\nMadratsi \u00fcks pool on vooderdatud kvaliteetse profileeritud porolooniga (5 cm), mis tagab hea \u00f5hu liikumise ja niiskuse \u00e4rajuhtimise.<br \/>\nTeisel madratsipoolel on kasutatud klassikalist porolooni (2,5 cm).<br \/>\nHele madratsikate on valmistatud pehmest, nahas\u00f5bralikust ja \u00f5hku l\u00e4bilaskvast stret\u0161-kangast, mis on h\u00f5lpsasti lukuga eemaldatav ja pestav kuni 40-kraadises vees.<br \/>\nJ\u00e4ikust on v\u00f5imalik valida j\u00e4iga ja keskmise vahel.<br \/>\nJ\u00e4ik vedru &#8211;\u00a0\u00a02.0\/2.1mm h=15cm. Keskmine vedru &#8211;\u00a01.9\/2.0mm h=15cm.<br \/>\nSaadaval on m\u00f5\u00f5dud 80&#215;200, 90&#215;200, 120&#215;200, 140&#215;200, 160&#215;200 ja 180&#215;200.<br \/>\nMadratsi k\u00f5rgus: 23 cm.<br \/>\nMadratsile\u00a0soovitame juurde lisada ka Sleepwelli <a href=\"https:\/\/mobecor.ee\/tootekategooria\/magamistuba\/madratsid-ja-voodid\/sleepwell_uus\/kattemadratsid-1\/\" target=\"_blank\" rel=\"noopener noreferrer\">kattemadratsi<\/a>, mis loob t\u00e4iendava lisamugavuse, kaitseb madratsit, pikendab selle eluiga ning aitab kaasa heale voodih\u00fcgieenile.<br \/>\nToode on disainitud ja toodetud Eestis.<br \/>\nSleepwelli toodetes kasutatavad materjalid nagu kangas, puuvill, vill ja vatiin vastavad rahvusvahelisele \u00d6ko-Tex 100 standardile.<\/p>\n","protected":false},"excerpt":{"rendered":"<p>Blue Pocket Plus on edasiarendus BLUE Pocket vedrumadratsist.<br \/>\nMadrats on \u00fchelt pool j\u00e4igem ja teiselt poolt pehmem.<br \/>\nTarneaeg: 2 kuni 4 n\u00e4dalat.<\/p>\n","protected":false},"featured_media":14334,"template":"","meta":{"_acf_changed":false,"inline_featured_image":false},"series":[],"product_brand":[2859],"product_cat":[96],"product_tag":[],"class_list":{"0":"post-18452","1":"product","2":"type-product","3":"status-publish","4":"has-post-thumbnail","6":"product_brand-sleepwell","7":"product_cat-blue-sari","9":"first","10":"instock","11":"taxable","12":"shipping-taxable","13":"purchasable","14":"product-type-variable"},"acf":[],"_links":{"self":[{"href":"https:\/\/mobecor.ee\/en\/wp-json\/wp\/v2\/product\/18452","targetHints":{"allow":["GET"]}}],"collection":[{"href":"https:\/\/mobecor.ee\/en\/wp-json\/wp\/v2\/product"}],"about":[{"href":"https:\/\/mobecor.ee\/en\/wp-json\/wp\/v2\/types\/product"}],"wp:featuredmedia":[{"embeddable":true,"href":"https:\/\/mobecor.ee\/en\/wp-json\/wp\/v2\/media\/14334"}],"wp:attachment":[{"href":"https:\/\/mobecor.ee\/en\/wp-json\/wp\/v2\/media?parent=18452"}],"wp:term":[{"taxonomy":"series","embeddable":true,"href":"https:\/\/mobecor.ee\/en\/wp-json\/wp\/v2\/series?post=18452"},{"taxonomy":"product_brand","embeddable":true,"href":"https:\/\/mobecor.ee\/en\/wp-json\/wp\/v2\/product_brand?post=18452"},{"taxonomy":"product_cat","embeddable":true,"href":"https:\/\/mobecor.ee\/en\/wp-json\/wp\/v2\/product_cat?post=18452"},{"taxonomy":"product_tag","embeddable":true,"href":"https:\/\/mobecor.ee\/en\/wp-json\/wp\/v2\/product_tag?post=18452"}],"curies":[{"name":"wp","href":"https:\/\/api.w.org\/{rel}","templated":true}]}}