{"id":18455,"date":"2025-05-05T09:17:29","date_gmt":"2025-05-05T09:17:29","guid":{"rendered":"https:\/\/mobecor.ee\/?post_type=product&#038;p=18455"},"modified":"2026-03-10T14:02:19","modified_gmt":"2026-03-10T12:02:19","slug":"top-profiled-foam-kattemadrats-1","status":"publish","type":"product","link":"https:\/\/mobecor.ee\/en\/toode\/top-profiled-foam-kattemadrats-1\/","title":{"rendered":"TOP Profiled Foam kattemadrats"},"content":{"rendered":"<p>Profileeritud poroloon lisab alusmadratsile pehmust ja mugavust ning t\u00e4idab h\u00e4sti diivanvoodi patjade vahesid.<br \/>\nKattemadratsi siledam pool on j\u00e4igem ja profileeritud pool pehmem &#8211; see tagab kehale k\u00f5ige parema toe ja une.<br \/>\nHele madratsikate on valmistatud pehmest, nahas\u00f5bralikust ja \u00f5hku l\u00e4bilaskvast stret\u0161-kangast, mis on h\u00f5lpsasti lukuga eemaldatav ja pestav kuni 40-kraadises vees.<br \/>\nToode on disainitud ja toodetud Eestis.<br \/>\nSleepwelli toodetes kasutatavad materjalid nagu kangas, puuvill, vill ja vatiin vastavad rahvusvahelisele \u00d6ko-Tex 100 standardile.<\/p>\n","protected":false},"excerpt":{"rendered":"<p>Kattemadratsi sisuks on kvaliteetne profileeritud poroloon (5 cm), mis tagab hea \u00f5hu liikumise ja niiskuse \u00e4rajuhtimise.<br \/>\nM\u00f5\u00f5dud: 80*200, 90*200, 120*200, 140*200, 160*200, 180*200 cm.<br \/>\nKattemadratsi k\u00f5rgus: 6 cm.<br \/>\nTarneaeg: 2 kuni 4 n\u00e4dalat.<\/p>\n","protected":false},"featured_media":14340,"template":"","meta":{"_acf_changed":false,"inline_featured_image":false},"series":[],"product_brand":[2859],"product_cat":[335],"product_tag":[],"class_list":{"0":"post-18455","1":"product","2":"type-product","3":"status-publish","4":"has-post-thumbnail","6":"product_brand-sleepwell","7":"product_cat-kattemadratsid-1","9":"first","10":"instock","11":"taxable","12":"shipping-taxable","13":"purchasable","14":"product-type-variable"},"acf":[],"_links":{"self":[{"href":"https:\/\/mobecor.ee\/en\/wp-json\/wp\/v2\/product\/18455","targetHints":{"allow":["GET"]}}],"collection":[{"href":"https:\/\/mobecor.ee\/en\/wp-json\/wp\/v2\/product"}],"about":[{"href":"https:\/\/mobecor.ee\/en\/wp-json\/wp\/v2\/types\/product"}],"wp:featuredmedia":[{"embeddable":true,"href":"https:\/\/mobecor.ee\/en\/wp-json\/wp\/v2\/media\/14340"}],"wp:attachment":[{"href":"https:\/\/mobecor.ee\/en\/wp-json\/wp\/v2\/media?parent=18455"}],"wp:term":[{"taxonomy":"series","embeddable":true,"href":"https:\/\/mobecor.ee\/en\/wp-json\/wp\/v2\/series?post=18455"},{"taxonomy":"product_brand","embeddable":true,"href":"https:\/\/mobecor.ee\/en\/wp-json\/wp\/v2\/product_brand?post=18455"},{"taxonomy":"product_cat","embeddable":true,"href":"https:\/\/mobecor.ee\/en\/wp-json\/wp\/v2\/product_cat?post=18455"},{"taxonomy":"product_tag","embeddable":true,"href":"https:\/\/mobecor.ee\/en\/wp-json\/wp\/v2\/product_tag?post=18455"}],"curies":[{"name":"wp","href":"https:\/\/api.w.org\/{rel}","templated":true}]}}