{"id":18456,"date":"2025-05-05T09:17:32","date_gmt":"2025-05-05T09:17:32","guid":{"rendered":"https:\/\/mobecor.ee\/?post_type=product&#038;p=18456"},"modified":"2026-03-10T14:02:11","modified_gmt":"2026-03-10T12:02:11","slug":"top-tiger-touch-kattemadrats-1","status":"publish","type":"product","link":"https:\/\/mobecor.ee\/en\/toode\/top-tiger-touch-kattemadrats-1\/","title":{"rendered":"TOP Tiger Touch kattemadrats"},"content":{"rendered":"<p>Kangas on erilise Sensity\u2122 t\u00f6\u00f6tlusega, mis takistab tolmulestade, hallituse ja kahjulike bakterite teket ning neutraliseerib ebameeldivad l\u00f5hnad.<br \/>\nLisamugavust pakub u\u0308hel poolel vill (talve pool), teisel puuvill (suve pool).<br \/>\nMadratsikate on eemaldatav ja pestav kuni 40-kraadises vees<br \/>\nToode on disainitud ja toodetud Eestis.<br \/>\nPorolooni on heaks kiitnud Eesti Allergialiit.<br \/>\nSleepwelli toodetes kasutatavad materjalid nagu kangas, puuvill, vill ja vatiin vastavad rahvusvahelisele \u00d6ko-Tex 100 standardile.<\/p>\n","protected":false},"excerpt":{"rendered":"<p>Kattemadratsi sisuks on Tiger Touch poroloon (3 cm), mis on materjalit\u00f6\u00f6stuse viimane s\u00f5na &#8211; laseb h\u00e4sti \u00f5hul liikuda ning moodustab m\u00f5nusalt vetruva, keha toetava vormi.<br \/>\nSaadaval on m\u00f5\u00f5dud 80*200, 90*200, 120*200, 140*200, 160*200, 180*200 cm.<br \/>\nKattemadratsi k\u00f5rgus: 4 cm.<br \/>\nTarneaeg: 2 kuni 4 n\u00e4dalat.<\/p>\n","protected":false},"featured_media":14342,"template":"","meta":{"_acf_changed":false,"inline_featured_image":false},"series":[],"product_brand":[2859],"product_cat":[335],"product_tag":[],"class_list":{"0":"post-18456","1":"product","2":"type-product","3":"status-publish","4":"has-post-thumbnail","6":"product_brand-sleepwell","7":"product_cat-kattemadratsid-1","9":"first","10":"instock","11":"taxable","12":"shipping-taxable","13":"purchasable","14":"product-type-variable"},"acf":[],"_links":{"self":[{"href":"https:\/\/mobecor.ee\/en\/wp-json\/wp\/v2\/product\/18456","targetHints":{"allow":["GET"]}}],"collection":[{"href":"https:\/\/mobecor.ee\/en\/wp-json\/wp\/v2\/product"}],"about":[{"href":"https:\/\/mobecor.ee\/en\/wp-json\/wp\/v2\/types\/product"}],"wp:featuredmedia":[{"embeddable":true,"href":"https:\/\/mobecor.ee\/en\/wp-json\/wp\/v2\/media\/14342"}],"wp:attachment":[{"href":"https:\/\/mobecor.ee\/en\/wp-json\/wp\/v2\/media?parent=18456"}],"wp:term":[{"taxonomy":"series","embeddable":true,"href":"https:\/\/mobecor.ee\/en\/wp-json\/wp\/v2\/series?post=18456"},{"taxonomy":"product_brand","embeddable":true,"href":"https:\/\/mobecor.ee\/en\/wp-json\/wp\/v2\/product_brand?post=18456"},{"taxonomy":"product_cat","embeddable":true,"href":"https:\/\/mobecor.ee\/en\/wp-json\/wp\/v2\/product_cat?post=18456"},{"taxonomy":"product_tag","embeddable":true,"href":"https:\/\/mobecor.ee\/en\/wp-json\/wp\/v2\/product_tag?post=18456"}],"curies":[{"name":"wp","href":"https:\/\/api.w.org\/{rel}","templated":true}]}}