{"id":18459,"date":"2025-05-05T09:17:39","date_gmt":"2025-05-05T09:17:39","guid":{"rendered":"https:\/\/mobecor.ee\/?post_type=product&#038;p=18459"},"modified":"2025-12-03T12:00:17","modified_gmt":"2025-12-03T10:00:17","slug":"peatsiots-h20-low-blue-sarjale-1","status":"publish","type":"product","link":"https:\/\/mobecor.ee\/en\/toode\/peatsiots-h20-low-blue-sarjale-1\/","title":{"rendered":"Peatsiots H20 Low Blue sarjale"},"content":{"rendered":"<p>Peatsiotsi kasutatakse Sleepwelli\u00a0<a href=\"https:\/\/mobecor.ee\/tootekategooria\/magamistuba\/madratsid-ja-voodid\/sleepwell_uus\/kusetid\/\" target=\"_blank\" rel=\"noopener\">ku\u0161ettide<\/a>\u00a0ja\u00a0<a href=\"https:\/\/mobecor.ee\/tootekategooria\/magamistuba\/madratsid-ja-voodid\/sleepwell_uus\/kontinentaal-ka-mootorvoodid\/\" target=\"_blank\" rel=\"noopener\">kontinentaalvoodite<\/a>\u00a0puhul \u2013 p\u00e4rast peatsiotsa paigaldamist on kerge vaevaga olemas komplektne voodi.<br \/>\nV\u00f5imalik valida 5 BLUE AGGE m\u00f6\u00f6blikanga vahel \u2013 bee\u017e, helehall, tumehall, roosa ja sinine.<\/p>\n<p>&nbsp;<\/p>\n","protected":false},"excerpt":{"rendered":"<p>Laiused: 81, 91, 121, 141, 161 ja 181 cm.<br \/>\nK\u00f5rgus: 95 cm.<br \/>\nPaksus: 7 cm.<br \/>\nTarneaeg: 2 kuni 4 n\u00e4dalat.<\/p>\n","protected":false},"featured_media":14348,"template":"","meta":{"_acf_changed":false,"inline_featured_image":false},"series":[],"product_brand":[2859],"product_cat":[449],"product_tag":[],"class_list":{"0":"post-18459","1":"product","2":"type-product","3":"status-publish","4":"has-post-thumbnail","6":"product_brand-sleepwell","7":"product_cat-peatsiotsad-lisad","9":"first","10":"instock","11":"taxable","12":"shipping-taxable","13":"purchasable","14":"product-type-variable"},"acf":[],"_links":{"self":[{"href":"https:\/\/mobecor.ee\/en\/wp-json\/wp\/v2\/product\/18459","targetHints":{"allow":["GET"]}}],"collection":[{"href":"https:\/\/mobecor.ee\/en\/wp-json\/wp\/v2\/product"}],"about":[{"href":"https:\/\/mobecor.ee\/en\/wp-json\/wp\/v2\/types\/product"}],"wp:featuredmedia":[{"embeddable":true,"href":"https:\/\/mobecor.ee\/en\/wp-json\/wp\/v2\/media\/14348"}],"wp:attachment":[{"href":"https:\/\/mobecor.ee\/en\/wp-json\/wp\/v2\/media?parent=18459"}],"wp:term":[{"taxonomy":"series","embeddable":true,"href":"https:\/\/mobecor.ee\/en\/wp-json\/wp\/v2\/series?post=18459"},{"taxonomy":"product_brand","embeddable":true,"href":"https:\/\/mobecor.ee\/en\/wp-json\/wp\/v2\/product_brand?post=18459"},{"taxonomy":"product_cat","embeddable":true,"href":"https:\/\/mobecor.ee\/en\/wp-json\/wp\/v2\/product_cat?post=18459"},{"taxonomy":"product_tag","embeddable":true,"href":"https:\/\/mobecor.ee\/en\/wp-json\/wp\/v2\/product_tag?post=18459"}],"curies":[{"name":"wp","href":"https:\/\/api.w.org\/{rel}","templated":true}]}}